{"id":82,"date":"2016-11-04T08:39:00","date_gmt":"2016-11-04T08:39:00","guid":{"rendered":"http:\/\/informatica.ebresoft.com\/?page_id=82"},"modified":"2016-11-23T13:45:03","modified_gmt":"2016-11-23T13:45:03","slug":"contacto","status":"publish","type":"page","link":"https:\/\/ebresoft.com\/index.php\/contacto\/","title":{"rendered":"Contacto"},"content":{"rendered":"<table width=\"100%\">\n<tbody>\n<tr>\n<td width=\"100%\">Cualquier consulta , sugerencia o reclamaci\u00f3n poden dirigirse a la direcci\u00f3n postal o contactar a<\/td>\n<\/tr>\n<tr>\n<td width=\"100%\">\n<p style=\"text-align: center;\">Ebresoft Informatica S.L.U.<br \/>\nC\/Sant Domenech n\u00ba 5<br \/>\nEl Pinell De Brai CP 43594<br \/>\nTerra Alta &#8211; Terres de l&#8217;Ebre<br \/>\nTarragona Espanya<\/p>\n<\/td>\n<\/tr>\n<tr>\n<td width=\"100%\">\n<p style=\"text-align: center;\"><strong>Tel\/Fax. +34 977 42 60 25\u00a0\u00a0\u00a0 620 86 46 86<br \/>\ninformatica@ebresoft.com<br \/>\n<\/strong><\/p>\n<p><iframe loading=\"lazy\" style=\"border: 0;\" src=\"https:\/\/www.google.com\/maps\/embed?pb=!1m18!1m12!1m3!1d3010.4385714650684!2d0.5131013155969406!3d41.015659979300125!2m3!1f0!2f0!3f0!3m2!1i1024!2i768!4f13.1!3m3!1m2!1s0x12a0dc3d206de7d7%3A0x29ba9c82dc46a3b5!2sEbresoft+Informatica+S.L.U!5e0!3m2!1ses!2ses!4v1479135177000\" width=\"600\" height=\"450\" frameborder=\"0\" allowfullscreen=\"allowfullscreen\"><\/iframe><\/p>\n<p style=\"text-align: center;\"><strong>No abierto al p\u00fablico<\/strong><\/p>\n<\/td>\n<\/tr>\n<tr>\n<td width=\"100%\">\n<h3 align=\"center\">Productos y servicios informaticos para empresas, particulares y administraci\u00f3n en la Terra Alta &#8211; Terres de l\u2019Ebre<\/h3>\n<p>&nbsp;<\/td>\n<\/tr>\n<\/tbody>\n<\/table>\n","protected":false},"excerpt":{"rendered":"<p>Cualquier consulta , sugerencia o reclamaci\u00f3n poden dirigirse a la direcci\u00f3n postal o contactar a Ebresoft Informatica S.L.U. C\/Sant Domenech n\u00ba 5 El Pinell De Brai CP 43594 Terra Alta &#8211; Terres de l&#8217;Ebre Tarragona Espanya Tel\/Fax. +34 977 42 60 25\u00a0\u00a0\u00a0 620 86 46 86 informatica@ebresoft.com No abierto al p\u00fablico Productos y servicios informaticos &hellip; <a href=\"https:\/\/ebresoft.com\/index.php\/contacto\/\" class=\"more-link\">Sigue leyendo <span class=\"screen-reader-text\">Contacto<\/span><\/a><\/p>\n","protected":false},"author":1,"featured_media":0,"parent":0,"menu_order":0,"comment_status":"closed","ping_status":"closed","template":"","meta":{"footnotes":""},"class_list":["post-82","page","type-page","status-publish","hentry"],"yoast_head":"<!-- This site is optimized with the Yoast SEO plugin v26.8 - https:\/\/yoast.com\/product\/yoast-seo-wordpress\/ -->\n<title>Contacto - Ebresoft Inform\u00e0tica<\/title>\n<meta name=\"robots\" content=\"index, follow, max-snippet:-1, max-image-preview:large, max-video-preview:-1\" \/>\n<link rel=\"canonical\" href=\"https:\/\/ebresoft.com\/index.php\/contacto\/\" \/>\n<meta property=\"og:locale\" content=\"es_ES\" \/>\n<meta property=\"og:type\" content=\"article\" \/>\n<meta property=\"og:title\" content=\"Contacto - Ebresoft Inform\u00e0tica\" \/>\n<meta property=\"og:description\" content=\"Cualquier consulta , sugerencia o reclamaci\u00f3n poden dirigirse a la direcci\u00f3n postal o contactar a Ebresoft Informatica S.L.U. C\/Sant Domenech n\u00ba 5 El Pinell De Brai CP 43594 Terra Alta &#8211; Terres de l&#8217;Ebre Tarragona Espanya Tel\/Fax. +34 977 42 60 25\u00a0\u00a0\u00a0 620 86 46 86 informatica@ebresoft.com No abierto al p\u00fablico Productos y servicios informaticos &hellip; Sigue leyendo Contacto\" \/>\n<meta property=\"og:url\" content=\"https:\/\/ebresoft.com\/index.php\/contacto\/\" \/>\n<meta property=\"og:site_name\" content=\"Ebresoft Inform\u00e0tica\" \/>\n<meta property=\"article:modified_time\" content=\"2016-11-23T13:45:03+00:00\" \/>\n<meta name=\"twitter:card\" content=\"summary_large_image\" \/>\n<script type=\"application\/ld+json\" class=\"yoast-schema-graph\">{\"@context\":\"https:\/\/schema.org\",\"@graph\":[{\"@type\":\"WebPage\",\"@id\":\"https:\/\/ebresoft.com\/index.php\/contacto\/\",\"url\":\"https:\/\/ebresoft.com\/index.php\/contacto\/\",\"name\":\"Contacto - Ebresoft Inform\u00e0tica\",\"isPartOf\":{\"@id\":\"https:\/\/ebresoft.com\/#website\"},\"datePublished\":\"2016-11-04T08:39:00+00:00\",\"dateModified\":\"2016-11-23T13:45:03+00:00\",\"breadcrumb\":{\"@id\":\"https:\/\/ebresoft.com\/index.php\/contacto\/#breadcrumb\"},\"inLanguage\":\"es\",\"potentialAction\":[{\"@type\":\"ReadAction\",\"target\":[\"https:\/\/ebresoft.com\/index.php\/contacto\/\"]}]},{\"@type\":\"BreadcrumbList\",\"@id\":\"https:\/\/ebresoft.com\/index.php\/contacto\/#breadcrumb\",\"itemListElement\":[{\"@type\":\"ListItem\",\"position\":1,\"name\":\"Portada\",\"item\":\"https:\/\/ebresoft.com\/\"},{\"@type\":\"ListItem\",\"position\":2,\"name\":\"Contacto\"}]},{\"@type\":\"WebSite\",\"@id\":\"https:\/\/ebresoft.com\/#website\",\"url\":\"https:\/\/ebresoft.com\/\",\"name\":\"Ebresoft Inform\u00e0tica\",\"description\":\"Productos y servicios inform\u00e1ticos pera empresas, particulares y administraci\u00f3n Terres de l&#039;Ebre\",\"publisher\":{\"@id\":\"https:\/\/ebresoft.com\/#organization\"},\"potentialAction\":[{\"@type\":\"SearchAction\",\"target\":{\"@type\":\"EntryPoint\",\"urlTemplate\":\"https:\/\/ebresoft.com\/?s={search_term_string}\"},\"query-input\":{\"@type\":\"PropertyValueSpecification\",\"valueRequired\":true,\"valueName\":\"search_term_string\"}}],\"inLanguage\":\"es\"},{\"@type\":\"Organization\",\"@id\":\"https:\/\/ebresoft.com\/#organization\",\"name\":\"Ebresoft Inform\u00e0tica\",\"url\":\"https:\/\/ebresoft.com\/\",\"logo\":{\"@type\":\"ImageObject\",\"inLanguage\":\"es\",\"@id\":\"https:\/\/ebresoft.com\/#\/schema\/logo\/image\/\",\"url\":\"https:\/\/ebresoft.com\/wp-content\/uploads\/2016\/11\/ebresoftinformatica.jpg\",\"contentUrl\":\"https:\/\/ebresoft.com\/wp-content\/uploads\/2016\/11\/ebresoftinformatica.jpg\",\"width\":120,\"height\":105,\"caption\":\"Ebresoft Inform\u00e0tica\"},\"image\":{\"@id\":\"https:\/\/ebresoft.com\/#\/schema\/logo\/image\/\"}}]}<\/script>\n<!-- \/ Yoast SEO plugin. -->","yoast_head_json":{"title":"Contacto - Ebresoft Inform\u00e0tica","robots":{"index":"index","follow":"follow","max-snippet":"max-snippet:-1","max-image-preview":"max-image-preview:large","max-video-preview":"max-video-preview:-1"},"canonical":"https:\/\/ebresoft.com\/index.php\/contacto\/","og_locale":"es_ES","og_type":"article","og_title":"Contacto - Ebresoft Inform\u00e0tica","og_description":"Cualquier consulta , sugerencia o reclamaci\u00f3n poden dirigirse a la direcci\u00f3n postal o contactar a Ebresoft Informatica S.L.U. C\/Sant Domenech n\u00ba 5 El Pinell De Brai CP 43594 Terra Alta &#8211; Terres de l&#8217;Ebre Tarragona Espanya Tel\/Fax. +34 977 42 60 25\u00a0\u00a0\u00a0 620 86 46 86 informatica@ebresoft.com No abierto al p\u00fablico Productos y servicios informaticos &hellip; Sigue leyendo Contacto","og_url":"https:\/\/ebresoft.com\/index.php\/contacto\/","og_site_name":"Ebresoft Inform\u00e0tica","article_modified_time":"2016-11-23T13:45:03+00:00","twitter_card":"summary_large_image","schema":{"@context":"https:\/\/schema.org","@graph":[{"@type":"WebPage","@id":"https:\/\/ebresoft.com\/index.php\/contacto\/","url":"https:\/\/ebresoft.com\/index.php\/contacto\/","name":"Contacto - Ebresoft Inform\u00e0tica","isPartOf":{"@id":"https:\/\/ebresoft.com\/#website"},"datePublished":"2016-11-04T08:39:00+00:00","dateModified":"2016-11-23T13:45:03+00:00","breadcrumb":{"@id":"https:\/\/ebresoft.com\/index.php\/contacto\/#breadcrumb"},"inLanguage":"es","potentialAction":[{"@type":"ReadAction","target":["https:\/\/ebresoft.com\/index.php\/contacto\/"]}]},{"@type":"BreadcrumbList","@id":"https:\/\/ebresoft.com\/index.php\/contacto\/#breadcrumb","itemListElement":[{"@type":"ListItem","position":1,"name":"Portada","item":"https:\/\/ebresoft.com\/"},{"@type":"ListItem","position":2,"name":"Contacto"}]},{"@type":"WebSite","@id":"https:\/\/ebresoft.com\/#website","url":"https:\/\/ebresoft.com\/","name":"Ebresoft Inform\u00e0tica","description":"Productos y servicios inform\u00e1ticos pera empresas, particulares y administraci\u00f3n Terres de l&#039;Ebre","publisher":{"@id":"https:\/\/ebresoft.com\/#organization"},"potentialAction":[{"@type":"SearchAction","target":{"@type":"EntryPoint","urlTemplate":"https:\/\/ebresoft.com\/?s={search_term_string}"},"query-input":{"@type":"PropertyValueSpecification","valueRequired":true,"valueName":"search_term_string"}}],"inLanguage":"es"},{"@type":"Organization","@id":"https:\/\/ebresoft.com\/#organization","name":"Ebresoft Inform\u00e0tica","url":"https:\/\/ebresoft.com\/","logo":{"@type":"ImageObject","inLanguage":"es","@id":"https:\/\/ebresoft.com\/#\/schema\/logo\/image\/","url":"https:\/\/ebresoft.com\/wp-content\/uploads\/2016\/11\/ebresoftinformatica.jpg","contentUrl":"https:\/\/ebresoft.com\/wp-content\/uploads\/2016\/11\/ebresoftinformatica.jpg","width":120,"height":105,"caption":"Ebresoft Inform\u00e0tica"},"image":{"@id":"https:\/\/ebresoft.com\/#\/schema\/logo\/image\/"}}]}},"_links":{"self":[{"href":"https:\/\/ebresoft.com\/index.php\/wp-json\/wp\/v2\/pages\/82","targetHints":{"allow":["GET"]}}],"collection":[{"href":"https:\/\/ebresoft.com\/index.php\/wp-json\/wp\/v2\/pages"}],"about":[{"href":"https:\/\/ebresoft.com\/index.php\/wp-json\/wp\/v2\/types\/page"}],"author":[{"embeddable":true,"href":"https:\/\/ebresoft.com\/index.php\/wp-json\/wp\/v2\/users\/1"}],"replies":[{"embeddable":true,"href":"https:\/\/ebresoft.com\/index.php\/wp-json\/wp\/v2\/comments?post=82"}],"version-history":[{"count":13,"href":"https:\/\/ebresoft.com\/index.php\/wp-json\/wp\/v2\/pages\/82\/revisions"}],"predecessor-version":[{"id":219,"href":"https:\/\/ebresoft.com\/index.php\/wp-json\/wp\/v2\/pages\/82\/revisions\/219"}],"wp:attachment":[{"href":"https:\/\/ebresoft.com\/index.php\/wp-json\/wp\/v2\/media?parent=82"}],"curies":[{"name":"wp","href":"https:\/\/api.w.org\/{rel}","templated":true}]}}