{"id":8,"date":"2016-11-03T19:38:11","date_gmt":"2016-11-03T19:38:11","guid":{"rendered":"http:\/\/informatica.ebresoft.com\/?page_id=8"},"modified":"2022-08-22T10:18:33","modified_gmt":"2022-08-22T10:18:33","slug":"venda-i-reparacions","status":"publish","type":"page","link":"https:\/\/ebresoft.com\/","title":{"rendered":"Venta y Reparaciones de Ordenadores &#8211; Informatica"},"content":{"rendered":"<p style=\"text-align: justify;\"><img loading=\"lazy\" decoding=\"async\" class=\"wp-image-114 aligncenter\" src=\"https:\/\/ebresoft.com\/wp-content\/uploads\/2016\/11\/logoR.jpg\" alt=\"logor\" width=\"143\" height=\"120\" \/><\/p>\n<h1 style=\"text-align: justify;\">Taller de informatica, reparaci\u00f3n y servicio de mantenimiento de ordenadores para empresas, particulares y administraci\u00f3n<\/h1>\n<p style=\"text-align: justify;\"><img loading=\"lazy\" decoding=\"async\" class=\"size-medium wp-image-41 aligncenter\" src=\"https:\/\/ebresoft.com\/wp-content\/uploads\/2016\/11\/office-583839_960_720-300x199.jpg\" alt=\"office\" width=\"300\" height=\"199\" srcset=\"https:\/\/ebresoft.com\/wp-content\/uploads\/2016\/11\/office-583839_960_720-300x199.jpg 300w, https:\/\/ebresoft.com\/wp-content\/uploads\/2016\/11\/office-583839_960_720-768x510.jpg 768w, https:\/\/ebresoft.com\/wp-content\/uploads\/2016\/11\/office-583839_960_720.jpg 960w\" sizes=\"auto, (max-width: 300px) 100vw, 300px\" \/><\/p>\n<p style=\"text-align: justify;\">EbreSoft es una empresa de informatica dedicada a la reparaci\u00f3n de ordenadores, servidores, port\u00e1tiles, de diferentes marcas:<\/p>\n<p style=\"text-align: justify;\">Lenovo, Toshiba, Acer, Fujitsu, HP, Dell, marcas blancas &#8230; impresoras, multifunciones, esc\u00e1ner, OKI, HP, Brother, Lexmark , Xerox, Kyocera, Canon &#8230;<\/p>\n<p>Importante:<\/p>\n<p style=\"text-align: justify;\">Asegurese de mantener una copia de seguridad actual de todos los datos importantes. Las unidades de disco duro y las unidades flash no duran para siempre. Nosotros le configuraremos y ense\u00f1aremos c\u00f3mo crear de manera autom\u00e1tica.<\/p>\n<p style=\"text-align: justify;\">Cuentan con sistemas de recuperaci\u00f3n de datos en caso de siniestro, desgraciadamente son muchos los casos en que no se han podido recuperar todos los datos ya sea por una ruptura o infecci\u00f3n del ordenador, servidor o port\u00e1til, de aqu\u00ed la importancia de hacer estas copias de seguridad.<\/p>\n<p style=\"text-align: justify;\">Venta y reparaci\u00f3n de todo tipo de ordenadores para empresas y particulares y administraci\u00f3n, ordenadores de escritorio, port\u00e1tiles, tablets, smartphones, impresoras, A nivel de empresas, servidores, racks, switches, sistemas de cableado de ordenadores, c\u00e1maras de vigilancia,<\/p>\n<p style=\"text-align: justify;\">Si tiene un ordenador y quiere mejorarlo antes de cambiarlo le hacemos un estudio de la configuraci\u00f3n y las ampliaciones que necesita su ordenador.<\/p>\n<p style=\"text-align: justify;\"><img loading=\"lazy\" decoding=\"async\" class=\"size-medium wp-image-38 aligncenter\" src=\"https:\/\/ebresoft.com\/wp-content\/uploads\/2016\/11\/reparacions-300x198.jpg\" alt=\"\" width=\"300\" height=\"198\" srcset=\"https:\/\/ebresoft.com\/wp-content\/uploads\/2016\/11\/reparacions-300x198.jpg 300w, https:\/\/ebresoft.com\/wp-content\/uploads\/2016\/11\/reparacions-768x508.jpg 768w, https:\/\/ebresoft.com\/wp-content\/uploads\/2016\/11\/reparacions.jpg 960w\" sizes=\"auto, (max-width: 300px) 100vw, 300px\" \/><\/p>\n<p style=\"text-align: justify;\">Reparamos su ordenador o componente hardware ofreci\u00e9ndole la mejor garant\u00eda y un servicio r\u00e1pido o una soluci\u00f3n a sus problemas, para que usted pueda seguir trabajando., Le damos asesoramiento t\u00e9cnico para mejorar sus instalaciones.<\/p>\n<p style=\"text-align: justify;\">Le realizamos un presupuesto a medida, para que deje en nuestras manos la optimizaci\u00f3n y mantenimiento de los ordinadors<\/p>\n<p style=\"text-align: justify;\">EbreSoft es una empresa de informatica dedicada a la venta Ordenadores, servidores, port\u00e1tiles, de diferentes marcas:<\/p>\n<p style=\"text-align: justify;\">Lenovo, Toshiba, Acer, Fujitsu, HP, Dell, marcas blancas &#8230; impresoras, fotocopiadoras, multifunciones, esc\u00e1ner, OKI, HP, Brother, Lexmark , Xerox, Kyocera, Canon &#8230; consumibles, t\u00f3ners, cartuchos de tinta, intalaciones de redes wifi y LAN, software de diferentes marcas Microsoft, Sage, kaspersky, Photoshop, sistemas operativos &#8230;<\/p>\n<h1 style=\"text-align: justify;\"><img loading=\"lazy\" decoding=\"async\" class=\"size-medium wp-image-42 aligncenter\" src=\"https:\/\/ebresoft.com\/wp-content\/uploads\/2016\/11\/office--300x200.jpg\" alt=\"\" width=\"300\" height=\"200\" srcset=\"https:\/\/ebresoft.com\/wp-content\/uploads\/2016\/11\/office--300x200.jpg 300w, https:\/\/ebresoft.com\/wp-content\/uploads\/2016\/11\/office--768x512.jpg 768w, https:\/\/ebresoft.com\/wp-content\/uploads\/2016\/11\/office-.jpg 960w\" sizes=\"auto, (max-width: 300px) 100vw, 300px\" \/><\/h1>\n<p>Vendemos e instalamos hardware, le configuramos (Ordenadores, impresoras, Servidores, Esc\u00e1neres, Port\u00e1tiles, redes .. .windows, Photoshop &#8230; Antivirus Norton, kaspersky &#8230;) de los principales fabricantes, consultar,, instalaciones de redes TCP \/ IP, tecnolog\u00eda inal\u00e1mbrica tecnolog\u00eda inal\u00e1mbrica Bluetooth, Wifi, (por ondas) Internet para instalaci\u00f3n el\u00e9ctrica sin gastos de cableado, punto a punto .., configuraci\u00f3n de la LAN para comunicar las distintas sucursales y \/ o oficinas de una empresa de forma segura a trav\u00e9s de Internet, monitorizaci\u00f3n, video vigilancia, software de Gesti\u00f3n Comercial, Punto de Venta (TPV), Contabilidad.<\/p>\n<p style=\"text-align: justify;\"><img loading=\"lazy\" decoding=\"async\" class=\"size-full wp-image-270 aligncenter\" src=\"https:\/\/ebresoft.com\/wp-content\/uploads\/2022\/08\/printer.jpg\" alt=\"\" width=\"275\" height=\"183\" \/><\/p>\n<p>Aseguras de mantener una copia de seguridad actual de todos los datos importantes. Las unidades de disco duro y las unidades flash no duran para siempre. Nosotros le configuraremos y ense\u00f1aremos c\u00f3mo crear de manera autom\u00e1tica.<\/p>\n<p><img loading=\"lazy\" decoding=\"async\" class=\"size-medium wp-image-271 aligncenter\" src=\"https:\/\/ebresoft.com\/wp-content\/uploads\/2022\/08\/10-luchshix-besplatnyx-antivirusov_1521840999-300x150.jpg\" alt=\"\" width=\"300\" height=\"150\" srcset=\"https:\/\/ebresoft.com\/wp-content\/uploads\/2022\/08\/10-luchshix-besplatnyx-antivirusov_1521840999-300x150.jpg 300w, https:\/\/ebresoft.com\/wp-content\/uploads\/2022\/08\/10-luchshix-besplatnyx-antivirusov_1521840999-1024x512.jpg 1024w, https:\/\/ebresoft.com\/wp-content\/uploads\/2022\/08\/10-luchshix-besplatnyx-antivirusov_1521840999-768x384.jpg 768w, https:\/\/ebresoft.com\/wp-content\/uploads\/2022\/08\/10-luchshix-besplatnyx-antivirusov_1521840999-1536x768.jpg 1536w, https:\/\/ebresoft.com\/wp-content\/uploads\/2022\/08\/10-luchshix-besplatnyx-antivirusov_1521840999-2048x1024.jpg 2048w\" sizes=\"auto, (max-width: 300px) 100vw, 300px\" \/><\/p>\n<p>Consulte nuestras ofertas<\/p>\n<p>Venta y reparaci\u00f3n de todo tipo de ordenadores para empresas y particulares, ordenadores de escritorio, port\u00e1tiles, tablets, smartphones, impresoras, A nivel de empresas, servidores, racks, switches, sistemas de cableado de ordenadores, c\u00e1maras de vigilancia, si tiene un ordenador y quiere mejorarlo antes de cambiarlo le hacemos un estudio de la configuraci\u00f3n y las ampliaciones que necesita su ordenador.<\/p>\n<p><img loading=\"lazy\" decoding=\"async\" class=\"size-medium wp-image-272 aligncenter\" src=\"https:\/\/ebresoft.com\/wp-content\/uploads\/2022\/08\/pexels-nao-triponez-792199-300x200.jpg\" alt=\"\" width=\"300\" height=\"200\" srcset=\"https:\/\/ebresoft.com\/wp-content\/uploads\/2022\/08\/pexels-nao-triponez-792199-300x200.jpg 300w, https:\/\/ebresoft.com\/wp-content\/uploads\/2022\/08\/pexels-nao-triponez-792199-1024x684.jpg 1024w, https:\/\/ebresoft.com\/wp-content\/uploads\/2022\/08\/pexels-nao-triponez-792199-768x513.jpg 768w, https:\/\/ebresoft.com\/wp-content\/uploads\/2022\/08\/pexels-nao-triponez-792199-1536x1025.jpg 1536w, https:\/\/ebresoft.com\/wp-content\/uploads\/2022\/08\/pexels-nao-triponez-792199-2048x1367.jpg 2048w\" sizes=\"auto, (max-width: 300px) 100vw, 300px\" \/><\/p>\n<p style=\"text-align: justify;\">\n<p style=\"text-align: justify;\">Cualquier consulta, sugerencia o reclamaci\u00f3n pueden dirigirse a la direcci\u00f3n postal o contactar a<img loading=\"lazy\" decoding=\"async\" class=\"size-full wp-image-28 aligncenter\" src=\"https:\/\/ebresoft.com\/wp-content\/uploads\/2016\/11\/ebresoftinformatica.jpg\" alt=\"\" width=\"120\" height=\"105\" \/><\/p>\n<p style=\"text-align: center;\">Tel \/ Fax. +34 977 42 60 25 &#8211; 620 86 46 86<br \/>\n<strong>informatica@ebresoft.com<\/strong><\/p>\n<p style=\"text-align: justify;\">Ofrecemos servicios de: Formaci\u00f3n en entorno Microsoft, Excel, Access, Windows, ASP, Word, Internet, Certificados de profesionalidad, PhotoShop, Programaci\u00f3n a medida, comercial, B2B, Paginas web, flash, cat\u00e1logos, Multimedia, Dise\u00f1o Gr\u00e1fico, Publicidad, Redes, ADSL, Seguridad inform\u00e1tica, Linux, Posicionamiento en buscadores, Registro de dominios, Desarrollo de Proyectos &#8230;<\/p>\n<h3 style=\"text-align: center;\">Productos y servicios inform\u00e1ticos para empresas, particulares y administraci\u00f3n a la Terra Alta &#8211; Terres de l&#8217;Ebre<\/h3>\n","protected":false},"excerpt":{"rendered":"<p>Taller de informatica, reparaci\u00f3n y servicio de mantenimiento de ordenadores para empresas, particulares y administraci\u00f3n EbreSoft es una empresa de informatica dedicada a la reparaci\u00f3n de ordenadores, servidores, port\u00e1tiles, de diferentes marcas: Lenovo, Toshiba, Acer, Fujitsu, HP, Dell, marcas blancas &#8230; impresoras, multifunciones, esc\u00e1ner, OKI, HP, Brother, Lexmark , Xerox, Kyocera, Canon &#8230; Importante: Asegurese &hellip; <a href=\"https:\/\/ebresoft.com\/\" class=\"more-link\">Sigue leyendo <span class=\"screen-reader-text\">Venta y Reparaciones de Ordenadores &#8211; Informatica<\/span><\/a><\/p>\n","protected":false},"author":1,"featured_media":0,"parent":0,"menu_order":0,"comment_status":"closed","ping_status":"closed","template":"","meta":{"footnotes":""},"class_list":["post-8","page","type-page","status-publish","hentry"],"yoast_head":"<!-- This site is optimized with the Yoast SEO plugin v26.8 - https:\/\/yoast.com\/product\/yoast-seo-wordpress\/ -->\n<title>Venta y Reparaciones de Ordenadores - Informatica - Ebresoft Inform\u00e0tica<\/title>\n<meta name=\"robots\" content=\"index, follow, max-snippet:-1, max-image-preview:large, max-video-preview:-1\" \/>\n<link rel=\"canonical\" href=\"https:\/\/ebresoft.com\/\" \/>\n<meta property=\"og:locale\" content=\"es_ES\" \/>\n<meta property=\"og:type\" content=\"article\" \/>\n<meta property=\"og:title\" content=\"Venta y Reparaciones de Ordenadores - Informatica - Ebresoft Inform\u00e0tica\" \/>\n<meta property=\"og:description\" content=\"Taller de informatica, reparaci\u00f3n y servicio de mantenimiento de ordenadores para empresas, particulares y administraci\u00f3n EbreSoft es una empresa de informatica dedicada a la reparaci\u00f3n de ordenadores, servidores, port\u00e1tiles, de diferentes marcas: Lenovo, Toshiba, Acer, Fujitsu, HP, Dell, marcas blancas &#8230; impresoras, multifunciones, esc\u00e1ner, OKI, HP, Brother, Lexmark , Xerox, Kyocera, Canon &#8230; Importante: Asegurese &hellip; Sigue leyendo Venta y Reparaciones de Ordenadores &#8211; Informatica\" \/>\n<meta property=\"og:url\" content=\"https:\/\/ebresoft.com\/\" \/>\n<meta property=\"og:site_name\" content=\"Ebresoft Inform\u00e0tica\" \/>\n<meta property=\"article:modified_time\" content=\"2022-08-22T10:18:33+00:00\" \/>\n<meta property=\"og:image\" content=\"http:\/\/ebresoft.com\/wp-content\/uploads\/2016\/11\/logoR.jpg\" \/>\n<meta name=\"twitter:card\" content=\"summary_large_image\" \/>\n<meta name=\"twitter:label1\" content=\"Tiempo de lectura\" \/>\n\t<meta name=\"twitter:data1\" content=\"3 minutos\" \/>\n<script type=\"application\/ld+json\" class=\"yoast-schema-graph\">{\"@context\":\"https:\/\/schema.org\",\"@graph\":[{\"@type\":\"WebPage\",\"@id\":\"https:\/\/ebresoft.com\/\",\"url\":\"https:\/\/ebresoft.com\/\",\"name\":\"Venta y Reparaciones de Ordenadores - Informatica - Ebresoft Inform\u00e0tica\",\"isPartOf\":{\"@id\":\"https:\/\/ebresoft.com\/#website\"},\"primaryImageOfPage\":{\"@id\":\"https:\/\/ebresoft.com\/#primaryimage\"},\"image\":{\"@id\":\"https:\/\/ebresoft.com\/#primaryimage\"},\"thumbnailUrl\":\"http:\/\/ebresoft.com\/wp-content\/uploads\/2016\/11\/logoR.jpg\",\"datePublished\":\"2016-11-03T19:38:11+00:00\",\"dateModified\":\"2022-08-22T10:18:33+00:00\",\"breadcrumb\":{\"@id\":\"https:\/\/ebresoft.com\/#breadcrumb\"},\"inLanguage\":\"es\",\"potentialAction\":[{\"@type\":\"ReadAction\",\"target\":[\"https:\/\/ebresoft.com\/\"]}]},{\"@type\":\"ImageObject\",\"inLanguage\":\"es\",\"@id\":\"https:\/\/ebresoft.com\/#primaryimage\",\"url\":\"http:\/\/ebresoft.com\/wp-content\/uploads\/2016\/11\/logoR.jpg\",\"contentUrl\":\"http:\/\/ebresoft.com\/wp-content\/uploads\/2016\/11\/logoR.jpg\"},{\"@type\":\"BreadcrumbList\",\"@id\":\"https:\/\/ebresoft.com\/#breadcrumb\",\"itemListElement\":[{\"@type\":\"ListItem\",\"position\":1,\"name\":\"Portada\",\"item\":\"https:\/\/ebresoft.com\/\"},{\"@type\":\"ListItem\",\"position\":2,\"name\":\"Venta y Reparaciones de Ordenadores &#8211; Informatica\"}]},{\"@type\":\"WebSite\",\"@id\":\"https:\/\/ebresoft.com\/#website\",\"url\":\"https:\/\/ebresoft.com\/\",\"name\":\"Ebresoft Inform\u00e0tica\",\"description\":\"Productos y servicios inform\u00e1ticos pera empresas, particulares y administraci\u00f3n Terres de l&#039;Ebre\",\"publisher\":{\"@id\":\"https:\/\/ebresoft.com\/#organization\"},\"potentialAction\":[{\"@type\":\"SearchAction\",\"target\":{\"@type\":\"EntryPoint\",\"urlTemplate\":\"https:\/\/ebresoft.com\/?s={search_term_string}\"},\"query-input\":{\"@type\":\"PropertyValueSpecification\",\"valueRequired\":true,\"valueName\":\"search_term_string\"}}],\"inLanguage\":\"es\"},{\"@type\":\"Organization\",\"@id\":\"https:\/\/ebresoft.com\/#organization\",\"name\":\"Ebresoft Inform\u00e0tica\",\"url\":\"https:\/\/ebresoft.com\/\",\"logo\":{\"@type\":\"ImageObject\",\"inLanguage\":\"es\",\"@id\":\"https:\/\/ebresoft.com\/#\/schema\/logo\/image\/\",\"url\":\"https:\/\/ebresoft.com\/wp-content\/uploads\/2016\/11\/ebresoftinformatica.jpg\",\"contentUrl\":\"https:\/\/ebresoft.com\/wp-content\/uploads\/2016\/11\/ebresoftinformatica.jpg\",\"width\":120,\"height\":105,\"caption\":\"Ebresoft Inform\u00e0tica\"},\"image\":{\"@id\":\"https:\/\/ebresoft.com\/#\/schema\/logo\/image\/\"}}]}<\/script>\n<!-- \/ Yoast SEO plugin. -->","yoast_head_json":{"title":"Venta y Reparaciones de Ordenadores - Informatica - Ebresoft Inform\u00e0tica","robots":{"index":"index","follow":"follow","max-snippet":"max-snippet:-1","max-image-preview":"max-image-preview:large","max-video-preview":"max-video-preview:-1"},"canonical":"https:\/\/ebresoft.com\/","og_locale":"es_ES","og_type":"article","og_title":"Venta y Reparaciones de Ordenadores - Informatica - Ebresoft Inform\u00e0tica","og_description":"Taller de informatica, reparaci\u00f3n y servicio de mantenimiento de ordenadores para empresas, particulares y administraci\u00f3n EbreSoft es una empresa de informatica dedicada a la reparaci\u00f3n de ordenadores, servidores, port\u00e1tiles, de diferentes marcas: Lenovo, Toshiba, Acer, Fujitsu, HP, Dell, marcas blancas &#8230; impresoras, multifunciones, esc\u00e1ner, OKI, HP, Brother, Lexmark , Xerox, Kyocera, Canon &#8230; Importante: Asegurese &hellip; Sigue leyendo Venta y Reparaciones de Ordenadores &#8211; Informatica","og_url":"https:\/\/ebresoft.com\/","og_site_name":"Ebresoft Inform\u00e0tica","article_modified_time":"2022-08-22T10:18:33+00:00","og_image":[{"url":"http:\/\/ebresoft.com\/wp-content\/uploads\/2016\/11\/logoR.jpg","type":"","width":"","height":""}],"twitter_card":"summary_large_image","twitter_misc":{"Tiempo de lectura":"3 minutos"},"schema":{"@context":"https:\/\/schema.org","@graph":[{"@type":"WebPage","@id":"https:\/\/ebresoft.com\/","url":"https:\/\/ebresoft.com\/","name":"Venta y Reparaciones de Ordenadores - Informatica - Ebresoft Inform\u00e0tica","isPartOf":{"@id":"https:\/\/ebresoft.com\/#website"},"primaryImageOfPage":{"@id":"https:\/\/ebresoft.com\/#primaryimage"},"image":{"@id":"https:\/\/ebresoft.com\/#primaryimage"},"thumbnailUrl":"http:\/\/ebresoft.com\/wp-content\/uploads\/2016\/11\/logoR.jpg","datePublished":"2016-11-03T19:38:11+00:00","dateModified":"2022-08-22T10:18:33+00:00","breadcrumb":{"@id":"https:\/\/ebresoft.com\/#breadcrumb"},"inLanguage":"es","potentialAction":[{"@type":"ReadAction","target":["https:\/\/ebresoft.com\/"]}]},{"@type":"ImageObject","inLanguage":"es","@id":"https:\/\/ebresoft.com\/#primaryimage","url":"http:\/\/ebresoft.com\/wp-content\/uploads\/2016\/11\/logoR.jpg","contentUrl":"http:\/\/ebresoft.com\/wp-content\/uploads\/2016\/11\/logoR.jpg"},{"@type":"BreadcrumbList","@id":"https:\/\/ebresoft.com\/#breadcrumb","itemListElement":[{"@type":"ListItem","position":1,"name":"Portada","item":"https:\/\/ebresoft.com\/"},{"@type":"ListItem","position":2,"name":"Venta y Reparaciones de Ordenadores &#8211; Informatica"}]},{"@type":"WebSite","@id":"https:\/\/ebresoft.com\/#website","url":"https:\/\/ebresoft.com\/","name":"Ebresoft Inform\u00e0tica","description":"Productos y servicios inform\u00e1ticos pera empresas, particulares y administraci\u00f3n Terres de l&#039;Ebre","publisher":{"@id":"https:\/\/ebresoft.com\/#organization"},"potentialAction":[{"@type":"SearchAction","target":{"@type":"EntryPoint","urlTemplate":"https:\/\/ebresoft.com\/?s={search_term_string}"},"query-input":{"@type":"PropertyValueSpecification","valueRequired":true,"valueName":"search_term_string"}}],"inLanguage":"es"},{"@type":"Organization","@id":"https:\/\/ebresoft.com\/#organization","name":"Ebresoft Inform\u00e0tica","url":"https:\/\/ebresoft.com\/","logo":{"@type":"ImageObject","inLanguage":"es","@id":"https:\/\/ebresoft.com\/#\/schema\/logo\/image\/","url":"https:\/\/ebresoft.com\/wp-content\/uploads\/2016\/11\/ebresoftinformatica.jpg","contentUrl":"https:\/\/ebresoft.com\/wp-content\/uploads\/2016\/11\/ebresoftinformatica.jpg","width":120,"height":105,"caption":"Ebresoft Inform\u00e0tica"},"image":{"@id":"https:\/\/ebresoft.com\/#\/schema\/logo\/image\/"}}]}},"_links":{"self":[{"href":"https:\/\/ebresoft.com\/index.php\/wp-json\/wp\/v2\/pages\/8","targetHints":{"allow":["GET"]}}],"collection":[{"href":"https:\/\/ebresoft.com\/index.php\/wp-json\/wp\/v2\/pages"}],"about":[{"href":"https:\/\/ebresoft.com\/index.php\/wp-json\/wp\/v2\/types\/page"}],"author":[{"embeddable":true,"href":"https:\/\/ebresoft.com\/index.php\/wp-json\/wp\/v2\/users\/1"}],"replies":[{"embeddable":true,"href":"https:\/\/ebresoft.com\/index.php\/wp-json\/wp\/v2\/comments?post=8"}],"version-history":[{"count":31,"href":"https:\/\/ebresoft.com\/index.php\/wp-json\/wp\/v2\/pages\/8\/revisions"}],"predecessor-version":[{"id":273,"href":"https:\/\/ebresoft.com\/index.php\/wp-json\/wp\/v2\/pages\/8\/revisions\/273"}],"wp:attachment":[{"href":"https:\/\/ebresoft.com\/index.php\/wp-json\/wp\/v2\/media?parent=8"}],"curies":[{"name":"wp","href":"https:\/\/api.w.org\/{rel}","templated":true}]}}