{"id":79,"date":"2016-11-04T08:36:03","date_gmt":"2016-11-04T08:36:03","guid":{"rendered":"http:\/\/informatica.ebresoft.com\/?page_id=79"},"modified":"2020-07-28T14:08:35","modified_gmt":"2020-07-28T14:08:35","slug":"avis-legal","status":"publish","type":"page","link":"https:\/\/ebresoft.com\/index.php\/avis-legal\/","title":{"rendered":"Aviso legal"},"content":{"rendered":"<table width=\"100%\">\n<tbody>\n<tr>\n<td style=\"text-align: justify;\" width=\"100%\"><img loading=\"lazy\" decoding=\"async\" class=\"size-full wp-image-114 aligncenter\" src=\"https:\/\/ebresoft.com\/wp-content\/uploads\/2016\/11\/logoR.jpg\" alt=\"logor\" width=\"225\" height=\"189\" \/><\/p>\n<p>Con la entrada en vigor de la Ley 34\/2002, de 11 de julio, de Servicios de la Sociedad de la Informaci\u00f3n y Comercio Electr\u00f3nico, Publicada en el Bolet\u00edn Oficial del Estado de fecha 12 de julio de 2002, EBRESOFT , da conocimiento a todos sus usuarios o clientes, de su raz\u00f3n social y responsable de la Web, as\u00ed como el cumplimiento de su pol\u00edtica de privacidad con respecto a los datos personales.<\/td>\n<\/tr>\n<tr>\n<td style=\"text-align: center;\" width=\"100%\">Ebresoft Informatica S.L.U.<br \/>\nB-43835503<br \/>\nC\/Sant Domenech n\u00ba 5<br \/>\nEl Pinell De Brai\u00a0\u00a0 CP 43594<br \/>\nTerra Alta &#8211;\u00a0 Terres de l&#8217;Ebre<br \/>\nTarragona\u00a0\u00a0\u00a0 Espanya Registro mercantil de Tarragona Tomo 2.167, folio 183, hoja n\u00ba T-33.041<\/td>\n<\/tr>\n<tr>\n<td width=\"100%\">\n<p style=\"text-align: center;\"><strong>Tel\/Fax. +34 977 42 60 25\u00a0\u00a0\u00a0\u00a0 620 86 46 86<\/strong><br \/>\n<strong> informatica@ebresoft.com<\/strong><\/p>\n<p style=\"text-align: center;\">No obert al p\u00fablic.<\/p>\n<\/td>\n<\/tr>\n<tr>\n<td style=\"text-align: justify;\" width=\"100%\">Todos los derechos reservados. Los contenidos de esta p\u00e1gina Web, est\u00e1n protegidos por el copyright, bajo la ley nacional e internacional. La informaci\u00f3n contenida en estas p\u00e1ginas no podr\u00e1 ser copiada, reproducida, traducida, adaptada, transmitida, almacenada o cualquier otra explotaci\u00f3n total o parcial, en cualquier soporte de recuperaci\u00f3n de informaci\u00f3n, o transmitida por cualquier medio sin expresa autorizaci\u00f3n escrita del titular del copyright.<br \/>\nTodos los textos, fotograf\u00edas, iconos, logotipos, gr\u00e1ficos, datos, im\u00e1genes as\u00ed como el programa inform\u00e1tico, software, dise\u00f1o de esta p\u00e1gina Web, c\u00f3digo fuente o c\u00f3digos en lenguajes HTML, JAVA, ActiveX; JAVASCRIPT, XML, y cualquier otro que haya sido utilizado en la elaboraci\u00f3n de la Web, por separado o conjuntamente, pertenecen a Ebresoft, excepto las cedidas por las empresas, organismos o instituciones para la elaboraci\u00f3n de la Web, y el Merchandising los sus productos y \/ o servicios, que son propiedad de las mismas, tambi\u00e9n las que est\u00e1n bajo licencia Creative Commons licenses o alguna de sus variantes. Prohibida la reproducci\u00f3n total o parcial, en ning\u00fan formato escrito, visual, y sonoro a no ser que est\u00e9n cedidos o autorizados, previa autorizaci\u00f3n por escrito del titular del copyright, esta propiedad se hace extensiva a todos sus trabajos, productos y creaciones.<br \/>\nEBRESOFT se reserva el derecho de cambiar o anular cualquier servicio, contenido, dise\u00f1o, producto proporcionado, sin previo aviso, se proh\u00edbe cualquier utilizaci\u00f3n distinta a la autorizada. EBRESOFT, garantiza el derecho de rectificaci\u00f3n y cancelaci\u00f3n de conformidad con la Ley Org\u00e1nica 15\/99 de Protecci\u00f3n de Datos de Car\u00e1cter Personal (LORTAD), cumple con la ley Org\u00e1nica del 15\/1999 del 13 de diciembre de protecci\u00f3n de datos de car\u00e1cter personal de la que puede tener m\u00e1s informaci\u00f3n en <a href=\"http:\/\/www.agpd.es\">www.agpd.es<\/a>Ebresoft\u00a0utiliza una tecnolog\u00eda denominada \u00abcookies\u00bb para recabar informaci\u00f3n acerca del uso de Nuestro sitio web.Usamos cookies Propias y de Terceros para mejor Nuestros servicios, relacionada con tus preferencias mediante el an\u00e1lisis de tus h\u00e1bitos de navegaci\u00f3n En nuestro sitio Web . Si contin\u00faa navegando en esta p\u00e1gina, consideramos que acepta su uso en los t\u00e9rminos indicados en la Pol\u00edtica de Cookies. en la que usted de manera voluntaria acepta su uso, la cookies se guardaran de manera indefinida.El Usuario podr\u00e1 configurar sume navegador para que notifique y rechace la instalaci\u00f3n de las Cookies enviadas por la Web en terraalta.net, sino que ello perjudique la posibilidad del Usuario de acceder a los Contenidos.Las Cookies, en funcion de super permanencia, puedo dividirse en Cookies de sesi\u00f3n o permanentes. Las primeras expire Cuando el Usuario cierra el navegador. Las Segundas expire en Funciones Cuando se cumple el Objetivo para lo que sirven (por Ejemplo, para que el Usuario para ver la consecucion de visitas al Mismo Apartado web) o bien Cuando se borran manualmente o autom\u00e1ticamente segun la configuraci\u00f3n de navegaci\u00f3n.Todos los clientes o usuarios que de manera voluntaria, inserto en el formulario de la p\u00e1gina, por E-mail, o faciliten sus datos, acepten a la vez, que EBRESOFT y sus responsables pueden guardarlos y utilizarlos con fines comerciales.Ofrecemos: Formaci\u00f3n en entorno Microsoft, Excel, Access, Windows, ASP, Word, Internet, Certificados de profesionalidad, PhotoShop, Programaci\u00f3n a medida, comercial, B2B, Paginas web, flash, cat\u00e1logos, Multimedia, mantenimiento y reparaciones, Ordenadores PC, Ordenadores Port\u00e1tiles, dise\u00f1o Gr\u00e1fico, Publicidad, Redes, ADSL, Seguridad inform\u00e1tica, Linux, Posicionamiento en buscadores, Registro de dominios, Desarrollo de Proyectos &#8230;<\/p>\n<p>Datos del responsable del tratamiento:<\/p>\n<p>Identidad: Ebresoft Informatica S.L.U &#8211; NIF: B43835503<\/p>\n<p>Direcci\u00f3n postal: C\/Sant Domenech n\u00ba5<\/p>\n<p>Tel\u00e9fono: 620864686 &#8211; Correo electr\u00f3nico: info@ebresoft.com<\/p>\n<p>En Ebresoft Informatica S.L.U tratamos la informaci\u00f3n que nos facilita con el fin de prestarles el servicio solicitado y realizar su facturaci\u00f3n. Los datos proporcionados se conservar\u00e1n mientras se mantenga la relaci\u00f3n comercial o durante el tiempo necesario para cumplir con las obligaciones legales y atender las posibles responsabilidades que pudieran derivar del cumplimiento de la finalidad para la que los datos fueron recabados. Los datos no se ceder\u00e1n a terceros salvo en los casos en que exista una obligaci\u00f3n legal. Usted tiene derecho a obtener informaci\u00f3n sobre si en Ebresoft Informatica S.L.U estamos tratando sus datos personales, por lo que puede ejercer sus derechos de acceso, rectificaci\u00f3n, supresi\u00f3n y portabilidad de datos y oposici\u00f3n y limitaci\u00f3n a su tratamiento ante Ebresoft Informatica S.L.U, C\/Sant Domenech n\u00ba5 o en la direcci\u00f3n de correo electr\u00f3nico info@ebresoft.com, adjuntando copia de su DNI o documento equivalente.\u00a0 Asimismo, y especialmente si considera que no ha obtenido satisfacci\u00f3n plena en el ejercicio de sus derechos, podr\u00e1 presentar una reclamaci\u00f3n ante la autoridad nacional de control dirigi\u00e9ndose a estos efectos a la Agencia Espa\u00f1ola de Protecci\u00f3n de Datos, C\/ Jorge Juan, 6 \u2013 28001 Madrid.<\/p>\n<p>Asimismo, solicitamos su autorizaci\u00f3n para ofrecerle productos y servicios relacionados con los contratados y fidelizarle como cliente.<\/p>\n<h3>Productos y servicios inform\u00e1ticos para empresas, administraci\u00f3n y particulares en la Terra Alta &#8211; Terres de l&#8217;Ebre<\/h3>\n<\/td>\n<\/tr>\n<\/tbody>\n<\/table>\n","protected":false},"excerpt":{"rendered":"<p>Con la entrada en vigor de la Ley 34\/2002, de 11 de julio, de Servicios de la Sociedad de la Informaci\u00f3n y Comercio Electr\u00f3nico, Publicada en el Bolet\u00edn Oficial del Estado de fecha 12 de julio de 2002, EBRESOFT , da conocimiento a todos sus usuarios o clientes, de su raz\u00f3n social y responsable de &hellip; <a href=\"https:\/\/ebresoft.com\/index.php\/avis-legal\/\" class=\"more-link\">Sigue leyendo <span class=\"screen-reader-text\">Aviso legal<\/span><\/a><\/p>\n","protected":false},"author":1,"featured_media":0,"parent":0,"menu_order":0,"comment_status":"closed","ping_status":"closed","template":"","meta":{"footnotes":""},"class_list":["post-79","page","type-page","status-publish","hentry"],"yoast_head":"<!-- This site is optimized with the Yoast SEO plugin v26.8 - https:\/\/yoast.com\/product\/yoast-seo-wordpress\/ -->\n<title>Aviso legal - Ebresoft Inform\u00e0tica<\/title>\n<meta name=\"robots\" content=\"index, follow, max-snippet:-1, max-image-preview:large, max-video-preview:-1\" \/>\n<link rel=\"canonical\" href=\"https:\/\/ebresoft.com\/index.php\/avis-legal\/\" \/>\n<meta property=\"og:locale\" content=\"es_ES\" \/>\n<meta property=\"og:type\" content=\"article\" \/>\n<meta property=\"og:title\" content=\"Aviso legal - Ebresoft Inform\u00e0tica\" \/>\n<meta property=\"og:description\" content=\"Con la entrada en vigor de la Ley 34\/2002, de 11 de julio, de Servicios de la Sociedad de la Informaci\u00f3n y Comercio Electr\u00f3nico, Publicada en el Bolet\u00edn Oficial del Estado de fecha 12 de julio de 2002, EBRESOFT , da conocimiento a todos sus usuarios o clientes, de su raz\u00f3n social y responsable de &hellip; Sigue leyendo Aviso legal\" \/>\n<meta property=\"og:url\" content=\"https:\/\/ebresoft.com\/index.php\/avis-legal\/\" \/>\n<meta property=\"og:site_name\" content=\"Ebresoft Inform\u00e0tica\" \/>\n<meta property=\"article:modified_time\" content=\"2020-07-28T14:08:35+00:00\" \/>\n<meta property=\"og:image\" content=\"http:\/\/ebresoft.com\/wp-content\/uploads\/2016\/11\/logoR.jpg\" \/>\n<meta name=\"twitter:card\" content=\"summary_large_image\" \/>\n<meta name=\"twitter:label1\" content=\"Tiempo de lectura\" \/>\n\t<meta name=\"twitter:data1\" content=\"5 minutos\" \/>\n<script type=\"application\/ld+json\" class=\"yoast-schema-graph\">{\"@context\":\"https:\/\/schema.org\",\"@graph\":[{\"@type\":\"WebPage\",\"@id\":\"https:\/\/ebresoft.com\/index.php\/avis-legal\/\",\"url\":\"https:\/\/ebresoft.com\/index.php\/avis-legal\/\",\"name\":\"Aviso legal - Ebresoft Inform\u00e0tica\",\"isPartOf\":{\"@id\":\"https:\/\/ebresoft.com\/#website\"},\"primaryImageOfPage\":{\"@id\":\"https:\/\/ebresoft.com\/index.php\/avis-legal\/#primaryimage\"},\"image\":{\"@id\":\"https:\/\/ebresoft.com\/index.php\/avis-legal\/#primaryimage\"},\"thumbnailUrl\":\"http:\/\/ebresoft.com\/wp-content\/uploads\/2016\/11\/logoR.jpg\",\"datePublished\":\"2016-11-04T08:36:03+00:00\",\"dateModified\":\"2020-07-28T14:08:35+00:00\",\"breadcrumb\":{\"@id\":\"https:\/\/ebresoft.com\/index.php\/avis-legal\/#breadcrumb\"},\"inLanguage\":\"es\",\"potentialAction\":[{\"@type\":\"ReadAction\",\"target\":[\"https:\/\/ebresoft.com\/index.php\/avis-legal\/\"]}]},{\"@type\":\"ImageObject\",\"inLanguage\":\"es\",\"@id\":\"https:\/\/ebresoft.com\/index.php\/avis-legal\/#primaryimage\",\"url\":\"http:\/\/ebresoft.com\/wp-content\/uploads\/2016\/11\/logoR.jpg\",\"contentUrl\":\"http:\/\/ebresoft.com\/wp-content\/uploads\/2016\/11\/logoR.jpg\"},{\"@type\":\"BreadcrumbList\",\"@id\":\"https:\/\/ebresoft.com\/index.php\/avis-legal\/#breadcrumb\",\"itemListElement\":[{\"@type\":\"ListItem\",\"position\":1,\"name\":\"Portada\",\"item\":\"https:\/\/ebresoft.com\/\"},{\"@type\":\"ListItem\",\"position\":2,\"name\":\"Aviso legal\"}]},{\"@type\":\"WebSite\",\"@id\":\"https:\/\/ebresoft.com\/#website\",\"url\":\"https:\/\/ebresoft.com\/\",\"name\":\"Ebresoft Inform\u00e0tica\",\"description\":\"Productos y servicios inform\u00e1ticos pera empresas, particulares y administraci\u00f3n Terres de l&#039;Ebre\",\"publisher\":{\"@id\":\"https:\/\/ebresoft.com\/#organization\"},\"potentialAction\":[{\"@type\":\"SearchAction\",\"target\":{\"@type\":\"EntryPoint\",\"urlTemplate\":\"https:\/\/ebresoft.com\/?s={search_term_string}\"},\"query-input\":{\"@type\":\"PropertyValueSpecification\",\"valueRequired\":true,\"valueName\":\"search_term_string\"}}],\"inLanguage\":\"es\"},{\"@type\":\"Organization\",\"@id\":\"https:\/\/ebresoft.com\/#organization\",\"name\":\"Ebresoft Inform\u00e0tica\",\"url\":\"https:\/\/ebresoft.com\/\",\"logo\":{\"@type\":\"ImageObject\",\"inLanguage\":\"es\",\"@id\":\"https:\/\/ebresoft.com\/#\/schema\/logo\/image\/\",\"url\":\"https:\/\/ebresoft.com\/wp-content\/uploads\/2016\/11\/ebresoftinformatica.jpg\",\"contentUrl\":\"https:\/\/ebresoft.com\/wp-content\/uploads\/2016\/11\/ebresoftinformatica.jpg\",\"width\":120,\"height\":105,\"caption\":\"Ebresoft Inform\u00e0tica\"},\"image\":{\"@id\":\"https:\/\/ebresoft.com\/#\/schema\/logo\/image\/\"}}]}<\/script>\n<!-- \/ Yoast SEO plugin. -->","yoast_head_json":{"title":"Aviso legal - Ebresoft Inform\u00e0tica","robots":{"index":"index","follow":"follow","max-snippet":"max-snippet:-1","max-image-preview":"max-image-preview:large","max-video-preview":"max-video-preview:-1"},"canonical":"https:\/\/ebresoft.com\/index.php\/avis-legal\/","og_locale":"es_ES","og_type":"article","og_title":"Aviso legal - Ebresoft Inform\u00e0tica","og_description":"Con la entrada en vigor de la Ley 34\/2002, de 11 de julio, de Servicios de la Sociedad de la Informaci\u00f3n y Comercio Electr\u00f3nico, Publicada en el Bolet\u00edn Oficial del Estado de fecha 12 de julio de 2002, EBRESOFT , da conocimiento a todos sus usuarios o clientes, de su raz\u00f3n social y responsable de &hellip; Sigue leyendo Aviso legal","og_url":"https:\/\/ebresoft.com\/index.php\/avis-legal\/","og_site_name":"Ebresoft Inform\u00e0tica","article_modified_time":"2020-07-28T14:08:35+00:00","og_image":[{"url":"http:\/\/ebresoft.com\/wp-content\/uploads\/2016\/11\/logoR.jpg","type":"","width":"","height":""}],"twitter_card":"summary_large_image","twitter_misc":{"Tiempo de lectura":"5 minutos"},"schema":{"@context":"https:\/\/schema.org","@graph":[{"@type":"WebPage","@id":"https:\/\/ebresoft.com\/index.php\/avis-legal\/","url":"https:\/\/ebresoft.com\/index.php\/avis-legal\/","name":"Aviso legal - Ebresoft Inform\u00e0tica","isPartOf":{"@id":"https:\/\/ebresoft.com\/#website"},"primaryImageOfPage":{"@id":"https:\/\/ebresoft.com\/index.php\/avis-legal\/#primaryimage"},"image":{"@id":"https:\/\/ebresoft.com\/index.php\/avis-legal\/#primaryimage"},"thumbnailUrl":"http:\/\/ebresoft.com\/wp-content\/uploads\/2016\/11\/logoR.jpg","datePublished":"2016-11-04T08:36:03+00:00","dateModified":"2020-07-28T14:08:35+00:00","breadcrumb":{"@id":"https:\/\/ebresoft.com\/index.php\/avis-legal\/#breadcrumb"},"inLanguage":"es","potentialAction":[{"@type":"ReadAction","target":["https:\/\/ebresoft.com\/index.php\/avis-legal\/"]}]},{"@type":"ImageObject","inLanguage":"es","@id":"https:\/\/ebresoft.com\/index.php\/avis-legal\/#primaryimage","url":"http:\/\/ebresoft.com\/wp-content\/uploads\/2016\/11\/logoR.jpg","contentUrl":"http:\/\/ebresoft.com\/wp-content\/uploads\/2016\/11\/logoR.jpg"},{"@type":"BreadcrumbList","@id":"https:\/\/ebresoft.com\/index.php\/avis-legal\/#breadcrumb","itemListElement":[{"@type":"ListItem","position":1,"name":"Portada","item":"https:\/\/ebresoft.com\/"},{"@type":"ListItem","position":2,"name":"Aviso legal"}]},{"@type":"WebSite","@id":"https:\/\/ebresoft.com\/#website","url":"https:\/\/ebresoft.com\/","name":"Ebresoft Inform\u00e0tica","description":"Productos y servicios inform\u00e1ticos pera empresas, particulares y administraci\u00f3n Terres de l&#039;Ebre","publisher":{"@id":"https:\/\/ebresoft.com\/#organization"},"potentialAction":[{"@type":"SearchAction","target":{"@type":"EntryPoint","urlTemplate":"https:\/\/ebresoft.com\/?s={search_term_string}"},"query-input":{"@type":"PropertyValueSpecification","valueRequired":true,"valueName":"search_term_string"}}],"inLanguage":"es"},{"@type":"Organization","@id":"https:\/\/ebresoft.com\/#organization","name":"Ebresoft Inform\u00e0tica","url":"https:\/\/ebresoft.com\/","logo":{"@type":"ImageObject","inLanguage":"es","@id":"https:\/\/ebresoft.com\/#\/schema\/logo\/image\/","url":"https:\/\/ebresoft.com\/wp-content\/uploads\/2016\/11\/ebresoftinformatica.jpg","contentUrl":"https:\/\/ebresoft.com\/wp-content\/uploads\/2016\/11\/ebresoftinformatica.jpg","width":120,"height":105,"caption":"Ebresoft Inform\u00e0tica"},"image":{"@id":"https:\/\/ebresoft.com\/#\/schema\/logo\/image\/"}}]}},"_links":{"self":[{"href":"https:\/\/ebresoft.com\/index.php\/wp-json\/wp\/v2\/pages\/79","targetHints":{"allow":["GET"]}}],"collection":[{"href":"https:\/\/ebresoft.com\/index.php\/wp-json\/wp\/v2\/pages"}],"about":[{"href":"https:\/\/ebresoft.com\/index.php\/wp-json\/wp\/v2\/types\/page"}],"author":[{"embeddable":true,"href":"https:\/\/ebresoft.com\/index.php\/wp-json\/wp\/v2\/users\/1"}],"replies":[{"embeddable":true,"href":"https:\/\/ebresoft.com\/index.php\/wp-json\/wp\/v2\/comments?post=79"}],"version-history":[{"count":17,"href":"https:\/\/ebresoft.com\/index.php\/wp-json\/wp\/v2\/pages\/79\/revisions"}],"predecessor-version":[{"id":265,"href":"https:\/\/ebresoft.com\/index.php\/wp-json\/wp\/v2\/pages\/79\/revisions\/265"}],"wp:attachment":[{"href":"https:\/\/ebresoft.com\/index.php\/wp-json\/wp\/v2\/media?parent=79"}],"curies":[{"name":"wp","href":"https:\/\/api.w.org\/{rel}","templated":true}]}}