{"id":283,"date":"2022-08-23T11:00:29","date_gmt":"2022-08-23T11:00:29","guid":{"rendered":"https:\/\/ebresoft.com\/?page_id=283"},"modified":"2022-08-23T11:00:31","modified_gmt":"2022-08-23T11:00:31","slug":"politica-de-privacidad","status":"publish","type":"page","link":"https:\/\/ebresoft.com\/index.php\/politica-de-privacidad\/","title":{"rendered":"Pol\u00edtica de privacidad"},"content":{"rendered":"\n\n\n<p><strong>POL\u00cdTICA DE PRIVACIDAD<\/strong><br>Ebresoft Informatica S.L.U. informa a los usuarios del sitio web sobre su pol\u00edtica respecto al tratamiento y protecci\u00f3n de los datos de car\u00e1cter personal de los usuarios y clientes.<\/p>\n\n\n\n<p>Y garantiza en todo momento el \u00edntegro y pleno cumplimiento de las obligaciones dispuestas por la normativa de protecci\u00f3n de datos y servicios de la sociedad de la informaci\u00f3n: Reglamento (UE) 2016\/679 del Parlamento Europeo y del Consejo, de 27 de abril de 2016, relativo a la protecci\u00f3n de las personas f\u00edsicas en lo que se refiere al tratamiento de datos personales ya la libre circulaci\u00f3n de estos datos (RGPD), la normativa Ley Org\u00e1nica 3\/2018, de 5 de diciembre, de Protecci\u00f3n de Datos Personales y garant\u00eda de los derechos digitales (LOPDGDD) y la Ley 34\/2002, de 11 de julio, de Servicios de la Sociedad de la Informaci\u00f3n y del Comercio Electr\u00f3nico (LSSIce).<\/p>\n\n\n\n<p><strong>RESPONSABLE DEL TRATAMIENTO<\/strong><\/p>\n\n\n\n<p>Ebresoft Informatica S.L.U.<br>B-43835503<br>C\/Sant Domenech n\u00ba 5<br>El Pinell De Brai CP 43594<br>Terra Alta \u2013 Tierras del Ebro<br>Tarragona Espa\u00f1a Registro mercantil de Tarragona Tomo 2.167, folio 183, hoja n\u00ba T-33.041<\/p>\n\n\n\n<p><strong>FINALIDADES DEL TRATAMIENTO DE LOS DATOS<\/strong><\/p>\n\n\n\n<p>Los datos facilitados por el Usuario son utilizados para diversas finalidades que se enumeran a continuaci\u00f3n:<\/p>\n\n\n\n<p>Los datos facilitados por el Usuario son utilizados para diversas finalidades que se enumeran a continuaci\u00f3n:<strong><\/strong><\/p>\n\n\n\n<figure class=\"wp-block-table\"><table><tbody><tr><td><strong>Finalidad del tratamiento &nbsp;&nbsp;&nbsp;&nbsp;&nbsp;&nbsp;&nbsp;&nbsp;&nbsp;&nbsp;&nbsp;&nbsp;&nbsp;&nbsp;&nbsp;&nbsp;&nbsp;&nbsp;&nbsp;<\/strong><\/td><td><strong>Base jur\u00eddica para el tratamiento<\/strong><\/td><\/tr><tr><td>Gestionar las consultas planteadas a trav\u00e9s del formulario de consulta<\/td><td>Inter\u00e9s leg\u00edtimo de la Sociedad por atender los requerimientos de informaci\u00f3n a trav\u00e9s de la web.&nbsp;Consentimiento prestado de forma expresa en el momento de recogida de los datos a trav\u00e9s de los formularios web.<\/td><\/tr><tr><td>Env\u00edo de newsletters, comunicaciones comerciales y promociones.<\/td><td>Consentimiento prestado de forma expresa en el momento de recogida de los datos a trav\u00e9s de los formularios web.<\/td><\/tr><tr><td>Gestionar las incidencias y el mantenimiento de la web.<\/td><td>Inter\u00e9s leg\u00edtimo de la Sociedad. &nbsp;<\/td><\/tr><\/tbody><\/table><\/figure>\n\n\n\n<p><strong>PLAZO DE CONSERVACI\u00d3N DE LOS DATOS<\/strong><\/p>\n\n\n\n<figure class=\"wp-block-table\"><table><tbody><tr><td><strong>Finalidad del tratamiento<\/strong><\/td><td><strong>Plazo de conservaci\u00f3n<\/strong><\/td><\/tr><tr><td>Gestionar las consultas planteadas a trav\u00e9s del formulario de consulta<\/td><td>Trataremos tus datos durante el tiempo que sea necesario para atender a tu solicitud o petici\u00f3n.<\/td><\/tr><tr><td>Env\u00edo de newsletters, comunicaciones comerciales y promociones.<\/td><td>Trataremos tus datos hasta que te des de baja.<\/td><\/tr><tr><td>Gestionar las incidencias y el mantenimiento de la web.<\/td><td>Trataremos sus datos durante el tiempo necesario para cumplir los plazos legales de prescripci\u00f3n que le resulten de aplicaci\u00f3n.<\/td><\/tr><\/tbody><\/table><\/figure>\n\n\n\n<p><strong>DESTINATARIOS DE LOS DATOS<\/strong><\/p>\n\n\n\n<p>Para cumplir las finalidades indicadas en la presente Pol\u00edtica de Privacidad, es necesario que demos acceso a tus datos personales a terceras partes que nos apoyen en los servicios que te ofrecemos (Encarados de Tratamiento).<\/p>\n\n\n\n<p>Los encargados de tratamiento para la ejecuci\u00f3n de un contrato o prestaci\u00f3n de un servicio al Responsable, siguiendo por ello sus instrucciones en todo momento y asegurando los mismos niveles de seguridad.<\/p>\n\n\n\n<p><strong>DERECHOS DE LOS USUARIOS<\/strong><\/p>\n\n\n\n<p>El usuario tiene derecho a:<\/p>\n\n\n\n<p>\u2022 Solicitar el acceso a sus datos personales que se est\u00e1n tratando y recibir esta informaci\u00f3n por escrito por el medio solicitado.<\/p>\n\n\n\n<p>\u2022 Solicitar la rectificaci\u00f3n de los datos personales inexactos o, en su caso, solicitar su supresi\u00f3n cuando, entre otros motivos, los datos ya no sean necesarios para la finalidad por la que fueron recogidos.<\/p>\n\n\n\n<p>\u2022 Solicitar la limitaci\u00f3n del tratamiento de sus datos.<\/p>\n\n\n\n<p>\u2022 Oponerse al tratamiento de sus datos personales cuando proceda, en cuyo caso se dejar\u00e1n de tratar sus datos excepto por motivos leg\u00edtimos.<\/p>\n\n\n\n<p>\u2022 Derecho a la portabilidad de los datos.&nbsp;El interesado\/interesada tiene derecho a recibir los datos personales si han sido facilitados en un formato estructurado, de uso com\u00fan y de lectura mec\u00e1nica, ya transmitirlos a otro responsable, si se cumplen los siguientes requisitos:<\/p>\n\n\n\n<p>1. El tratamiento se basa en el consentimiento o en un contrato.<\/p>\n\n\n\n<p>2. El tratamiento se realiza por medios automatizados.<\/p>\n\n\n\n<p>\u2022 Derecho a retirar el consentimiento prestado.<\/p>\n\n\n\n<p>\u2022 Derecho a reclamar ante la Agencia Espa\u00f1ola de Protecci\u00f3n de Datos.<\/p>\n\n\n\n<p><br>El Usuario puede ejercitar los derechos anteriormente indicados en la direcci\u00f3n de correo postal o electr\u00f3nica del Responsable, acreditando su identidad con copia escaneada de su DNI o documento equivalente, y especificando el derecho que desea ejercer.<\/p>\n\n\n\n<p><strong>PROCEDENCIA DE LOS DATOS<\/strong><\/p>\n\n\n\n<p>Los datos personales deben ser facilitados por el propio interesado de forma absolutamente voluntaria.&nbsp;La falta de algunos datos o la no respuesta de preguntas que puedan formularse a la persona interesada en los procesos de registro oa trav\u00e9s de formularios electr\u00f3nicos, puede provocar la imposibilidad de acceso a determinados servicios para cuya prestaci\u00f3n es imprescindible de disponer de estos datos de car\u00e1cter personal.&nbsp;En este caso, el Responsable del Tratamiento debe informar del car\u00e1cter obligatorio o necesario de facilitar los datos personales para el funcionamiento del servicio.<\/p>\n\n\n\n<p>El Responsable asegura la confidencialidad de sus datos personales y garantiza la seguridad de \u00e9stos, adoptando las medidas necesarias para evitar su alteraci\u00f3n, p\u00e9rdida, tratamiento o acceso no autorizado.<\/p>\n\n\n\n<p><strong>INFORMACI\u00d3N FACILITADA POR EL INTERESADO\/INTERESADA<\/strong><\/p>\n\n\n\n<p>Los menores de 18 a\u00f1os no pueden ceder sus datos personales sin el previo consentimiento de su padre\/madre y\/o tutores legales.<\/p>\n\n\n\n<p>El interesado\/interesada introduciendo sus datos en los formularios de contacto o presentados en formularios de descarga, aceptan expresamente y de forma libre e inequ\u00edvoca que sus datos son necesarios para que el Responsable atienda su petici\u00f3n, siendo voluntaria la inclusi\u00f3n de datos en los campos restantes.<\/p>\n\n\n\n<p>El interesado\/interesada garantiza que los datos personales facilitados al prestamista son veraces y se hace responsable de comunicar cualquier modificaci\u00f3n de los mismos.<\/p>\n\n\n\n<p>Todos los datos solicitados a trav\u00e9s del sitio web son necesarios para la prestaci\u00f3n de un servicio \u00f3ptimo al interesado\/interesada.&nbsp;En caso de que no sean facilitados todos los datos, no se garantiza que la informaci\u00f3n y servicios que el responsable le facilite, sean completamente ajustados a sus necesidades.<\/p>\n\n\n\n<p><strong>MEDIDAS DE SEGURIDAD<\/strong><\/p>\n\n\n\n<p>Que de conformidad con lo dispuesto en las normativas vigentes en materia de protecci\u00f3n de datos personales, El Responsable est\u00e1 cumpliendo con todas las disposiciones de las normativas RGPD y LOPDGDD para el tratamiento de los datos personales de su responsabilidad, y manifiestamente con los principios descritos en el art\u00edculo 5 del RGPD y en el art\u00edculo 4 de la LOPDGDD, por los que son tratados de manera l\u00edcita, leal y transparente en relaci\u00f3n con el interesado y adecuadas, pertinentes y limitados a lo necesario en relaci\u00f3n con los fines a los que son tratados.<\/p>\n\n\n\n<p>El responsable garantiza que ha implementado pol\u00edticas t\u00e9cnicas y organizativas apropiadas para aplicar las medidas de seguridad que establecen el RGPD y la LOPDGDD para proteger los derechos y libertades del interesado\/interesada y les ha comunicado la informaci\u00f3n adecuada para que puedan ejercerlos .<\/p>\n\n\n\n<p>&nbsp;<strong>BRECHAS DE SEGURIDAD<\/strong><\/p>\n\n\n\n<p>El Responsable informar\u00e1 sobre cualquier brecha de seguridad que afecte a la base de datos que utiliza este sitio web, o que afecte a cualquiera de nuestros servicios de terceros, a todas y cada una de las personas, datos de los que puedan haber sido afectados, y autoridades, dentro de las 72 horas siguientes a la detecci\u00f3n de la brecha.<\/p>\n\n\n\n<p><strong>LEGISLACI\u00d3N APLICABLE Y JURISDICCI\u00d3N<\/strong><\/p>\n\n\n\n<p>Para la resoluci\u00f3n de todas las controversias o cuestiones relacionadas con el presente sitio web o de las actividades en \u00e9l desarrolladas, ser\u00e1 de aplicaci\u00f3n la legislaci\u00f3n espa\u00f1ola, a la que se someten expresamente las partes, siendo competentes para la resoluci\u00f3n de todos los conflictos derivados o relacionados con su uso los Juzgados y Tribunales de Tarragona.<\/p>\n","protected":false},"excerpt":{"rendered":"<p>POL\u00cdTICA DE PRIVACIDADEbresoft Informatica S.L.U. informa a los usuarios del sitio web sobre su pol\u00edtica respecto al tratamiento y protecci\u00f3n de los datos de car\u00e1cter personal de los usuarios y clientes. Y garantiza en todo momento el \u00edntegro y pleno cumplimiento de las obligaciones dispuestas por la normativa de protecci\u00f3n de datos y servicios de &hellip; <a href=\"https:\/\/ebresoft.com\/index.php\/politica-de-privacidad\/\" class=\"more-link\">Sigue leyendo <span class=\"screen-reader-text\">Pol\u00edtica de privacidad<\/span><\/a><\/p>\n","protected":false},"author":1,"featured_media":0,"parent":0,"menu_order":0,"comment_status":"closed","ping_status":"closed","template":"","meta":{"footnotes":""},"class_list":["post-283","page","type-page","status-publish","hentry"],"yoast_head":"<!-- This site is optimized with the Yoast SEO plugin v26.8 - https:\/\/yoast.com\/product\/yoast-seo-wordpress\/ -->\n<title>Pol\u00edtica de privacidad - Ebresoft Inform\u00e0tica<\/title>\n<meta name=\"robots\" content=\"index, follow, max-snippet:-1, max-image-preview:large, max-video-preview:-1\" \/>\n<link rel=\"canonical\" href=\"https:\/\/ebresoft.com\/index.php\/politica-de-privacidad\/\" \/>\n<meta property=\"og:locale\" content=\"es_ES\" \/>\n<meta property=\"og:type\" content=\"article\" \/>\n<meta property=\"og:title\" content=\"Pol\u00edtica de privacidad - Ebresoft Inform\u00e0tica\" \/>\n<meta property=\"og:description\" content=\"POL\u00cdTICA DE PRIVACIDADEbresoft Informatica S.L.U. informa a los usuarios del sitio web sobre su pol\u00edtica respecto al tratamiento y protecci\u00f3n de los datos de car\u00e1cter personal de los usuarios y clientes. Y garantiza en todo momento el \u00edntegro y pleno cumplimiento de las obligaciones dispuestas por la normativa de protecci\u00f3n de datos y servicios de &hellip; Sigue leyendo Pol\u00edtica de privacidad\" \/>\n<meta property=\"og:url\" content=\"https:\/\/ebresoft.com\/index.php\/politica-de-privacidad\/\" \/>\n<meta property=\"og:site_name\" content=\"Ebresoft Inform\u00e0tica\" \/>\n<meta property=\"article:modified_time\" content=\"2022-08-23T11:00:31+00:00\" \/>\n<meta name=\"twitter:card\" content=\"summary_large_image\" \/>\n<meta name=\"twitter:label1\" content=\"Tiempo de lectura\" \/>\n\t<meta name=\"twitter:data1\" content=\"6 minutos\" \/>\n<script type=\"application\/ld+json\" class=\"yoast-schema-graph\">{\"@context\":\"https:\/\/schema.org\",\"@graph\":[{\"@type\":\"WebPage\",\"@id\":\"https:\/\/ebresoft.com\/index.php\/politica-de-privacidad\/\",\"url\":\"https:\/\/ebresoft.com\/index.php\/politica-de-privacidad\/\",\"name\":\"Pol\u00edtica de privacidad - Ebresoft Inform\u00e0tica\",\"isPartOf\":{\"@id\":\"https:\/\/ebresoft.com\/#website\"},\"datePublished\":\"2022-08-23T11:00:29+00:00\",\"dateModified\":\"2022-08-23T11:00:31+00:00\",\"breadcrumb\":{\"@id\":\"https:\/\/ebresoft.com\/index.php\/politica-de-privacidad\/#breadcrumb\"},\"inLanguage\":\"es\",\"potentialAction\":[{\"@type\":\"ReadAction\",\"target\":[\"https:\/\/ebresoft.com\/index.php\/politica-de-privacidad\/\"]}]},{\"@type\":\"BreadcrumbList\",\"@id\":\"https:\/\/ebresoft.com\/index.php\/politica-de-privacidad\/#breadcrumb\",\"itemListElement\":[{\"@type\":\"ListItem\",\"position\":1,\"name\":\"Portada\",\"item\":\"https:\/\/ebresoft.com\/\"},{\"@type\":\"ListItem\",\"position\":2,\"name\":\"Pol\u00edtica de privacidad\"}]},{\"@type\":\"WebSite\",\"@id\":\"https:\/\/ebresoft.com\/#website\",\"url\":\"https:\/\/ebresoft.com\/\",\"name\":\"Ebresoft Inform\u00e0tica\",\"description\":\"Productos y servicios inform\u00e1ticos pera empresas, particulares y administraci\u00f3n Terres de l&#039;Ebre\",\"publisher\":{\"@id\":\"https:\/\/ebresoft.com\/#organization\"},\"potentialAction\":[{\"@type\":\"SearchAction\",\"target\":{\"@type\":\"EntryPoint\",\"urlTemplate\":\"https:\/\/ebresoft.com\/?s={search_term_string}\"},\"query-input\":{\"@type\":\"PropertyValueSpecification\",\"valueRequired\":true,\"valueName\":\"search_term_string\"}}],\"inLanguage\":\"es\"},{\"@type\":\"Organization\",\"@id\":\"https:\/\/ebresoft.com\/#organization\",\"name\":\"Ebresoft Inform\u00e0tica\",\"url\":\"https:\/\/ebresoft.com\/\",\"logo\":{\"@type\":\"ImageObject\",\"inLanguage\":\"es\",\"@id\":\"https:\/\/ebresoft.com\/#\/schema\/logo\/image\/\",\"url\":\"https:\/\/ebresoft.com\/wp-content\/uploads\/2016\/11\/ebresoftinformatica.jpg\",\"contentUrl\":\"https:\/\/ebresoft.com\/wp-content\/uploads\/2016\/11\/ebresoftinformatica.jpg\",\"width\":120,\"height\":105,\"caption\":\"Ebresoft Inform\u00e0tica\"},\"image\":{\"@id\":\"https:\/\/ebresoft.com\/#\/schema\/logo\/image\/\"}}]}<\/script>\n<!-- \/ Yoast SEO plugin. -->","yoast_head_json":{"title":"Pol\u00edtica de privacidad - Ebresoft Inform\u00e0tica","robots":{"index":"index","follow":"follow","max-snippet":"max-snippet:-1","max-image-preview":"max-image-preview:large","max-video-preview":"max-video-preview:-1"},"canonical":"https:\/\/ebresoft.com\/index.php\/politica-de-privacidad\/","og_locale":"es_ES","og_type":"article","og_title":"Pol\u00edtica de privacidad - Ebresoft Inform\u00e0tica","og_description":"POL\u00cdTICA DE PRIVACIDADEbresoft Informatica S.L.U. informa a los usuarios del sitio web sobre su pol\u00edtica respecto al tratamiento y protecci\u00f3n de los datos de car\u00e1cter personal de los usuarios y clientes. Y garantiza en todo momento el \u00edntegro y pleno cumplimiento de las obligaciones dispuestas por la normativa de protecci\u00f3n de datos y servicios de &hellip; Sigue leyendo Pol\u00edtica de privacidad","og_url":"https:\/\/ebresoft.com\/index.php\/politica-de-privacidad\/","og_site_name":"Ebresoft Inform\u00e0tica","article_modified_time":"2022-08-23T11:00:31+00:00","twitter_card":"summary_large_image","twitter_misc":{"Tiempo de lectura":"6 minutos"},"schema":{"@context":"https:\/\/schema.org","@graph":[{"@type":"WebPage","@id":"https:\/\/ebresoft.com\/index.php\/politica-de-privacidad\/","url":"https:\/\/ebresoft.com\/index.php\/politica-de-privacidad\/","name":"Pol\u00edtica de privacidad - Ebresoft Inform\u00e0tica","isPartOf":{"@id":"https:\/\/ebresoft.com\/#website"},"datePublished":"2022-08-23T11:00:29+00:00","dateModified":"2022-08-23T11:00:31+00:00","breadcrumb":{"@id":"https:\/\/ebresoft.com\/index.php\/politica-de-privacidad\/#breadcrumb"},"inLanguage":"es","potentialAction":[{"@type":"ReadAction","target":["https:\/\/ebresoft.com\/index.php\/politica-de-privacidad\/"]}]},{"@type":"BreadcrumbList","@id":"https:\/\/ebresoft.com\/index.php\/politica-de-privacidad\/#breadcrumb","itemListElement":[{"@type":"ListItem","position":1,"name":"Portada","item":"https:\/\/ebresoft.com\/"},{"@type":"ListItem","position":2,"name":"Pol\u00edtica de privacidad"}]},{"@type":"WebSite","@id":"https:\/\/ebresoft.com\/#website","url":"https:\/\/ebresoft.com\/","name":"Ebresoft Inform\u00e0tica","description":"Productos y servicios inform\u00e1ticos pera empresas, particulares y administraci\u00f3n Terres de l&#039;Ebre","publisher":{"@id":"https:\/\/ebresoft.com\/#organization"},"potentialAction":[{"@type":"SearchAction","target":{"@type":"EntryPoint","urlTemplate":"https:\/\/ebresoft.com\/?s={search_term_string}"},"query-input":{"@type":"PropertyValueSpecification","valueRequired":true,"valueName":"search_term_string"}}],"inLanguage":"es"},{"@type":"Organization","@id":"https:\/\/ebresoft.com\/#organization","name":"Ebresoft Inform\u00e0tica","url":"https:\/\/ebresoft.com\/","logo":{"@type":"ImageObject","inLanguage":"es","@id":"https:\/\/ebresoft.com\/#\/schema\/logo\/image\/","url":"https:\/\/ebresoft.com\/wp-content\/uploads\/2016\/11\/ebresoftinformatica.jpg","contentUrl":"https:\/\/ebresoft.com\/wp-content\/uploads\/2016\/11\/ebresoftinformatica.jpg","width":120,"height":105,"caption":"Ebresoft Inform\u00e0tica"},"image":{"@id":"https:\/\/ebresoft.com\/#\/schema\/logo\/image\/"}}]}},"_links":{"self":[{"href":"https:\/\/ebresoft.com\/index.php\/wp-json\/wp\/v2\/pages\/283","targetHints":{"allow":["GET"]}}],"collection":[{"href":"https:\/\/ebresoft.com\/index.php\/wp-json\/wp\/v2\/pages"}],"about":[{"href":"https:\/\/ebresoft.com\/index.php\/wp-json\/wp\/v2\/types\/page"}],"author":[{"embeddable":true,"href":"https:\/\/ebresoft.com\/index.php\/wp-json\/wp\/v2\/users\/1"}],"replies":[{"embeddable":true,"href":"https:\/\/ebresoft.com\/index.php\/wp-json\/wp\/v2\/comments?post=283"}],"version-history":[{"count":1,"href":"https:\/\/ebresoft.com\/index.php\/wp-json\/wp\/v2\/pages\/283\/revisions"}],"predecessor-version":[{"id":285,"href":"https:\/\/ebresoft.com\/index.php\/wp-json\/wp\/v2\/pages\/283\/revisions\/285"}],"wp:attachment":[{"href":"https:\/\/ebresoft.com\/index.php\/wp-json\/wp\/v2\/media?parent=283"}],"curies":[{"name":"wp","href":"https:\/\/api.w.org\/{rel}","templated":true}]}}