{"id":14,"date":"2016-11-03T19:39:53","date_gmt":"2016-11-03T19:39:53","guid":{"rendered":"http:\/\/informatica.ebresoft.com\/?page_id=14"},"modified":"2022-08-22T10:26:39","modified_gmt":"2022-08-22T10:26:39","slug":"programacio-a-mida","status":"publish","type":"page","link":"https:\/\/ebresoft.com\/index.php\/programacio-a-mida\/","title":{"rendered":"Programaci\u00f3n a medida"},"content":{"rendered":"<p><img loading=\"lazy\" decoding=\"async\" class=\" wp-image-114 aligncenter\" src=\"https:\/\/ebresoft.com\/wp-content\/uploads\/2016\/11\/logoR.jpg\" alt=\"logor\" width=\"144\" height=\"121\" \/><\/p>\n<h1 style=\"text-align: center;\">Programaci\u00f3n de proyectos<\/h1>\n<table width=\"100%\">\n<tbody>\n<tr>\n<td><img loading=\"lazy\" decoding=\"async\" class=\"size-medium wp-image-66 aligncenter\" src=\"https:\/\/ebresoft.com\/wp-content\/uploads\/2016\/11\/computer--300x225.jpg\" alt=\"computer\" width=\"300\" height=\"225\" srcset=\"https:\/\/ebresoft.com\/wp-content\/uploads\/2016\/11\/computer--300x225.jpg 300w, https:\/\/ebresoft.com\/wp-content\/uploads\/2016\/11\/computer--768x576.jpg 768w, https:\/\/ebresoft.com\/wp-content\/uploads\/2016\/11\/computer-.jpg 960w\" sizes=\"auto, (max-width: 300px) 100vw, 300px\" \/><\/p>\n<p style=\"text-align: justify;\">Actualmente las relaciones comerciales y personales cada d\u00eda mas se realizando v\u00eda Internet, compras online, marketplace, contactos comerciales, servicios por Internet, B2B, B2C, intranet, servidor seguro, firma digital, correo electr\u00f3nico, Marketing digital, reservas &#8230; todo un mundo de conceptos que cada d\u00eda los tenemos mas presentes en nuestras vidas profesionales, la gran mayor\u00eda de formato est\u00e1ndar, son v\u00e1lidos para la mayor\u00eda de los prop\u00f3sitos de nuestras tareas diarias, en el caso de que estos est\u00e1ndares no cumplen sus necesidades en Ebresoft realizamos desarrollo de software y multimedia interactiva. Creamos e implementamos a su medida, por empresas, asociaciones, colectivos &#8230; damos soluciones inform\u00e1ticas espec\u00edficas y adecuadas en el mercado, asegurando los medios, recursos e infraestructura que permitan dar un servicio con un valor a\u00f1adido a su gesti\u00f3n y imagen , nuestra experiencia est\u00e1 basada en programaci\u00f3n, somos especialistas en soluciones desarrolladas en entornos Microsoft Windows &#8230; programaci\u00f3n ASP, PHP, utilizando de Base de Datos ACCESS, SQL Server de Microsoft, MySQL, CMS &#8230;<\/p>\n<p><img loading=\"lazy\" decoding=\"async\" class=\"size-medium wp-image-274 aligncenter\" src=\"https:\/\/ebresoft.com\/wp-content\/uploads\/2022\/08\/pexels-nemuel-sereti-6424583-300x200.jpg\" alt=\"\" width=\"300\" height=\"200\" srcset=\"https:\/\/ebresoft.com\/wp-content\/uploads\/2022\/08\/pexels-nemuel-sereti-6424583-300x200.jpg 300w, https:\/\/ebresoft.com\/wp-content\/uploads\/2022\/08\/pexels-nemuel-sereti-6424583-1024x683.jpg 1024w, https:\/\/ebresoft.com\/wp-content\/uploads\/2022\/08\/pexels-nemuel-sereti-6424583-768x512.jpg 768w, https:\/\/ebresoft.com\/wp-content\/uploads\/2022\/08\/pexels-nemuel-sereti-6424583-1536x1024.jpg 1536w, https:\/\/ebresoft.com\/wp-content\/uploads\/2022\/08\/pexels-nemuel-sereti-6424583-2048x1365.jpg 2048w\" sizes=\"auto, (max-width: 300px) 100vw, 300px\" \/><\/p>\n<p style=\"text-align: justify;\">Nos especializamos en soluciones desarrolladas adapt\u00e1ndonos a sobre Necesidades para Reducir dificultadas y costas en super trabajo y producci\u00f3n.<\/p>\n<p style=\"text-align: center;\"><strong>Programaci\u00f3n comercial y de producci\u00f3n<\/strong><\/p>\n<p style=\"text-align: justify;\">Somos una empresa especializada en el desarrollo E-Comerce, diferentes niveles de capacidad y gesti\u00f3n, funcionamiento bajo servidor seguro, carrito de compra, cat\u00e1logo &#8230;<\/p>\n<p>Implementaci\u00f3n de soluciones con tecnolog\u00edas de Internet, Intranets, Extranet &#8230;<\/p>\n<p><img loading=\"lazy\" decoding=\"async\" class=\"size-medium wp-image-276 aligncenter\" src=\"https:\/\/ebresoft.com\/wp-content\/uploads\/2022\/08\/pexels-photomix-company-230544-300x200.jpg\" alt=\"\" width=\"300\" height=\"200\" srcset=\"https:\/\/ebresoft.com\/wp-content\/uploads\/2022\/08\/pexels-photomix-company-230544-300x200.jpg 300w, https:\/\/ebresoft.com\/wp-content\/uploads\/2022\/08\/pexels-photomix-company-230544-1024x683.jpg 1024w, https:\/\/ebresoft.com\/wp-content\/uploads\/2022\/08\/pexels-photomix-company-230544-768x512.jpg 768w, https:\/\/ebresoft.com\/wp-content\/uploads\/2022\/08\/pexels-photomix-company-230544-1536x1024.jpg 1536w, https:\/\/ebresoft.com\/wp-content\/uploads\/2022\/08\/pexels-photomix-company-230544-2048x1365.jpg 2048w\" sizes=\"auto, (max-width: 300px) 100vw, 300px\" \/><\/p>\n<p style=\"text-align: justify;\">Si lo que necesita es un programa de producci\u00f3n, programa comercial, programaci\u00f3n a medida le haremos un estudio de sus necesidades, a fin de reducir desv\u00edos de costes, mejorar la organizaci\u00f3n, control &#8230;<\/p>\n<p style=\"text-align: justify;\">Comercializamos soluciones inform\u00e1ticas para empresas, en programaci\u00f3n a medida, programaci\u00f3n comercial, programaci\u00f3n de productividad, desarrollo de proyectos, hardware y software, est\u00e1ndares de mercado, con una r\u00e1pida disponibilidad y precio.<\/p>\n<p style=\"text-align: justify;\">Otros servicios que ofrecemos: Formaci\u00f3n en entorno Microsoft, Excel, Access, Windows, ASP, Word, Internet, Certificados de profesionalidad, PhotoShop, Programaci\u00f3n a medida, comercial, B2B, Paginas web, flash, cat\u00e1logos, Multimedia, mantenimiento y reparaciones, Ordenadores PC, Ordenadores Port\u00e1tiles, Dise\u00f1o Gr\u00e1fico, Publicidad, Redes, ADSL, Seguridad inform\u00e1tica, Linux, Posicionamiento en buscadores, Registro de dominios, Desarrollo de Proyectos &#8230;<\/p>\n<p>Cualquier consulta, sugerencia o reclamaci\u00f3n pueden dirigirse a la direcci\u00f3n postal o contactar a<\/p>\n<p style=\"text-align: center;\">Tel \/ Fax. +34 977 42 60 25 &#8211; 620 86 46 86<br \/>\n<strong>informatica@ebresoft.com<\/strong><\/p>\n<\/td>\n<\/tr>\n<\/tbody>\n<\/table>\n","protected":false},"excerpt":{"rendered":"<p>Programaci\u00f3n de proyectos Actualmente las relaciones comerciales y personales cada d\u00eda mas se realizando v\u00eda Internet, compras online, marketplace, contactos comerciales, servicios por Internet, B2B, B2C, intranet, servidor seguro, firma digital, correo electr\u00f3nico, Marketing digital, reservas &#8230; todo un mundo de conceptos que cada d\u00eda los tenemos mas presentes en nuestras vidas profesionales, la gran &hellip; <a href=\"https:\/\/ebresoft.com\/index.php\/programacio-a-mida\/\" class=\"more-link\">Sigue leyendo <span class=\"screen-reader-text\">Programaci\u00f3n a medida<\/span><\/a><\/p>\n","protected":false},"author":1,"featured_media":0,"parent":0,"menu_order":0,"comment_status":"closed","ping_status":"closed","template":"","meta":{"footnotes":""},"class_list":["post-14","page","type-page","status-publish","hentry"],"yoast_head":"<!-- This site is optimized with the Yoast SEO plugin v26.8 - https:\/\/yoast.com\/product\/yoast-seo-wordpress\/ -->\n<title>Programaci\u00f3n a medida - Ebresoft Inform\u00e0tica<\/title>\n<meta name=\"robots\" content=\"index, follow, max-snippet:-1, max-image-preview:large, max-video-preview:-1\" \/>\n<link rel=\"canonical\" href=\"https:\/\/ebresoft.com\/index.php\/programacio-a-mida\/\" \/>\n<meta property=\"og:locale\" content=\"es_ES\" \/>\n<meta property=\"og:type\" content=\"article\" \/>\n<meta property=\"og:title\" content=\"Programaci\u00f3n a medida - Ebresoft Inform\u00e0tica\" \/>\n<meta property=\"og:description\" content=\"Programaci\u00f3n de proyectos Actualmente las relaciones comerciales y personales cada d\u00eda mas se realizando v\u00eda Internet, compras online, marketplace, contactos comerciales, servicios por Internet, B2B, B2C, intranet, servidor seguro, firma digital, correo electr\u00f3nico, Marketing digital, reservas &#8230; todo un mundo de conceptos que cada d\u00eda los tenemos mas presentes en nuestras vidas profesionales, la gran &hellip; Sigue leyendo Programaci\u00f3n a medida\" \/>\n<meta property=\"og:url\" content=\"https:\/\/ebresoft.com\/index.php\/programacio-a-mida\/\" \/>\n<meta property=\"og:site_name\" content=\"Ebresoft Inform\u00e0tica\" \/>\n<meta property=\"article:modified_time\" content=\"2022-08-22T10:26:39+00:00\" \/>\n<meta property=\"og:image\" content=\"http:\/\/ebresoft.com\/wp-content\/uploads\/2016\/11\/logoR.jpg\" \/>\n<meta name=\"twitter:card\" content=\"summary_large_image\" \/>\n<meta name=\"twitter:label1\" content=\"Tiempo de lectura\" \/>\n\t<meta name=\"twitter:data1\" content=\"2 minutos\" \/>\n<script type=\"application\/ld+json\" class=\"yoast-schema-graph\">{\"@context\":\"https:\/\/schema.org\",\"@graph\":[{\"@type\":\"WebPage\",\"@id\":\"https:\/\/ebresoft.com\/index.php\/programacio-a-mida\/\",\"url\":\"https:\/\/ebresoft.com\/index.php\/programacio-a-mida\/\",\"name\":\"Programaci\u00f3n a medida - Ebresoft Inform\u00e0tica\",\"isPartOf\":{\"@id\":\"https:\/\/ebresoft.com\/#website\"},\"primaryImageOfPage\":{\"@id\":\"https:\/\/ebresoft.com\/index.php\/programacio-a-mida\/#primaryimage\"},\"image\":{\"@id\":\"https:\/\/ebresoft.com\/index.php\/programacio-a-mida\/#primaryimage\"},\"thumbnailUrl\":\"http:\/\/ebresoft.com\/wp-content\/uploads\/2016\/11\/logoR.jpg\",\"datePublished\":\"2016-11-03T19:39:53+00:00\",\"dateModified\":\"2022-08-22T10:26:39+00:00\",\"breadcrumb\":{\"@id\":\"https:\/\/ebresoft.com\/index.php\/programacio-a-mida\/#breadcrumb\"},\"inLanguage\":\"es\",\"potentialAction\":[{\"@type\":\"ReadAction\",\"target\":[\"https:\/\/ebresoft.com\/index.php\/programacio-a-mida\/\"]}]},{\"@type\":\"ImageObject\",\"inLanguage\":\"es\",\"@id\":\"https:\/\/ebresoft.com\/index.php\/programacio-a-mida\/#primaryimage\",\"url\":\"http:\/\/ebresoft.com\/wp-content\/uploads\/2016\/11\/logoR.jpg\",\"contentUrl\":\"http:\/\/ebresoft.com\/wp-content\/uploads\/2016\/11\/logoR.jpg\"},{\"@type\":\"BreadcrumbList\",\"@id\":\"https:\/\/ebresoft.com\/index.php\/programacio-a-mida\/#breadcrumb\",\"itemListElement\":[{\"@type\":\"ListItem\",\"position\":1,\"name\":\"Portada\",\"item\":\"https:\/\/ebresoft.com\/\"},{\"@type\":\"ListItem\",\"position\":2,\"name\":\"Programaci\u00f3n a medida\"}]},{\"@type\":\"WebSite\",\"@id\":\"https:\/\/ebresoft.com\/#website\",\"url\":\"https:\/\/ebresoft.com\/\",\"name\":\"Ebresoft Inform\u00e0tica\",\"description\":\"Productos y servicios inform\u00e1ticos pera empresas, particulares y administraci\u00f3n Terres de l&#039;Ebre\",\"publisher\":{\"@id\":\"https:\/\/ebresoft.com\/#organization\"},\"potentialAction\":[{\"@type\":\"SearchAction\",\"target\":{\"@type\":\"EntryPoint\",\"urlTemplate\":\"https:\/\/ebresoft.com\/?s={search_term_string}\"},\"query-input\":{\"@type\":\"PropertyValueSpecification\",\"valueRequired\":true,\"valueName\":\"search_term_string\"}}],\"inLanguage\":\"es\"},{\"@type\":\"Organization\",\"@id\":\"https:\/\/ebresoft.com\/#organization\",\"name\":\"Ebresoft Inform\u00e0tica\",\"url\":\"https:\/\/ebresoft.com\/\",\"logo\":{\"@type\":\"ImageObject\",\"inLanguage\":\"es\",\"@id\":\"https:\/\/ebresoft.com\/#\/schema\/logo\/image\/\",\"url\":\"https:\/\/ebresoft.com\/wp-content\/uploads\/2016\/11\/ebresoftinformatica.jpg\",\"contentUrl\":\"https:\/\/ebresoft.com\/wp-content\/uploads\/2016\/11\/ebresoftinformatica.jpg\",\"width\":120,\"height\":105,\"caption\":\"Ebresoft Inform\u00e0tica\"},\"image\":{\"@id\":\"https:\/\/ebresoft.com\/#\/schema\/logo\/image\/\"}}]}<\/script>\n<!-- \/ Yoast SEO plugin. -->","yoast_head_json":{"title":"Programaci\u00f3n a medida - Ebresoft Inform\u00e0tica","robots":{"index":"index","follow":"follow","max-snippet":"max-snippet:-1","max-image-preview":"max-image-preview:large","max-video-preview":"max-video-preview:-1"},"canonical":"https:\/\/ebresoft.com\/index.php\/programacio-a-mida\/","og_locale":"es_ES","og_type":"article","og_title":"Programaci\u00f3n a medida - Ebresoft Inform\u00e0tica","og_description":"Programaci\u00f3n de proyectos Actualmente las relaciones comerciales y personales cada d\u00eda mas se realizando v\u00eda Internet, compras online, marketplace, contactos comerciales, servicios por Internet, B2B, B2C, intranet, servidor seguro, firma digital, correo electr\u00f3nico, Marketing digital, reservas &#8230; todo un mundo de conceptos que cada d\u00eda los tenemos mas presentes en nuestras vidas profesionales, la gran &hellip; Sigue leyendo Programaci\u00f3n a medida","og_url":"https:\/\/ebresoft.com\/index.php\/programacio-a-mida\/","og_site_name":"Ebresoft Inform\u00e0tica","article_modified_time":"2022-08-22T10:26:39+00:00","og_image":[{"url":"http:\/\/ebresoft.com\/wp-content\/uploads\/2016\/11\/logoR.jpg","type":"","width":"","height":""}],"twitter_card":"summary_large_image","twitter_misc":{"Tiempo de lectura":"2 minutos"},"schema":{"@context":"https:\/\/schema.org","@graph":[{"@type":"WebPage","@id":"https:\/\/ebresoft.com\/index.php\/programacio-a-mida\/","url":"https:\/\/ebresoft.com\/index.php\/programacio-a-mida\/","name":"Programaci\u00f3n a medida - Ebresoft Inform\u00e0tica","isPartOf":{"@id":"https:\/\/ebresoft.com\/#website"},"primaryImageOfPage":{"@id":"https:\/\/ebresoft.com\/index.php\/programacio-a-mida\/#primaryimage"},"image":{"@id":"https:\/\/ebresoft.com\/index.php\/programacio-a-mida\/#primaryimage"},"thumbnailUrl":"http:\/\/ebresoft.com\/wp-content\/uploads\/2016\/11\/logoR.jpg","datePublished":"2016-11-03T19:39:53+00:00","dateModified":"2022-08-22T10:26:39+00:00","breadcrumb":{"@id":"https:\/\/ebresoft.com\/index.php\/programacio-a-mida\/#breadcrumb"},"inLanguage":"es","potentialAction":[{"@type":"ReadAction","target":["https:\/\/ebresoft.com\/index.php\/programacio-a-mida\/"]}]},{"@type":"ImageObject","inLanguage":"es","@id":"https:\/\/ebresoft.com\/index.php\/programacio-a-mida\/#primaryimage","url":"http:\/\/ebresoft.com\/wp-content\/uploads\/2016\/11\/logoR.jpg","contentUrl":"http:\/\/ebresoft.com\/wp-content\/uploads\/2016\/11\/logoR.jpg"},{"@type":"BreadcrumbList","@id":"https:\/\/ebresoft.com\/index.php\/programacio-a-mida\/#breadcrumb","itemListElement":[{"@type":"ListItem","position":1,"name":"Portada","item":"https:\/\/ebresoft.com\/"},{"@type":"ListItem","position":2,"name":"Programaci\u00f3n a medida"}]},{"@type":"WebSite","@id":"https:\/\/ebresoft.com\/#website","url":"https:\/\/ebresoft.com\/","name":"Ebresoft Inform\u00e0tica","description":"Productos y servicios inform\u00e1ticos pera empresas, particulares y administraci\u00f3n Terres de l&#039;Ebre","publisher":{"@id":"https:\/\/ebresoft.com\/#organization"},"potentialAction":[{"@type":"SearchAction","target":{"@type":"EntryPoint","urlTemplate":"https:\/\/ebresoft.com\/?s={search_term_string}"},"query-input":{"@type":"PropertyValueSpecification","valueRequired":true,"valueName":"search_term_string"}}],"inLanguage":"es"},{"@type":"Organization","@id":"https:\/\/ebresoft.com\/#organization","name":"Ebresoft Inform\u00e0tica","url":"https:\/\/ebresoft.com\/","logo":{"@type":"ImageObject","inLanguage":"es","@id":"https:\/\/ebresoft.com\/#\/schema\/logo\/image\/","url":"https:\/\/ebresoft.com\/wp-content\/uploads\/2016\/11\/ebresoftinformatica.jpg","contentUrl":"https:\/\/ebresoft.com\/wp-content\/uploads\/2016\/11\/ebresoftinformatica.jpg","width":120,"height":105,"caption":"Ebresoft Inform\u00e0tica"},"image":{"@id":"https:\/\/ebresoft.com\/#\/schema\/logo\/image\/"}}]}},"_links":{"self":[{"href":"https:\/\/ebresoft.com\/index.php\/wp-json\/wp\/v2\/pages\/14","targetHints":{"allow":["GET"]}}],"collection":[{"href":"https:\/\/ebresoft.com\/index.php\/wp-json\/wp\/v2\/pages"}],"about":[{"href":"https:\/\/ebresoft.com\/index.php\/wp-json\/wp\/v2\/types\/page"}],"author":[{"embeddable":true,"href":"https:\/\/ebresoft.com\/index.php\/wp-json\/wp\/v2\/users\/1"}],"replies":[{"embeddable":true,"href":"https:\/\/ebresoft.com\/index.php\/wp-json\/wp\/v2\/comments?post=14"}],"version-history":[{"count":22,"href":"https:\/\/ebresoft.com\/index.php\/wp-json\/wp\/v2\/pages\/14\/revisions"}],"predecessor-version":[{"id":277,"href":"https:\/\/ebresoft.com\/index.php\/wp-json\/wp\/v2\/pages\/14\/revisions\/277"}],"wp:attachment":[{"href":"https:\/\/ebresoft.com\/index.php\/wp-json\/wp\/v2\/media?parent=14"}],"curies":[{"name":"wp","href":"https:\/\/api.w.org\/{rel}","templated":true}]}}