{"id":12,"date":"2016-11-03T19:39:24","date_gmt":"2016-11-03T19:39:24","guid":{"rendered":"http:\/\/informatica.ebresoft.com\/?page_id=12"},"modified":"2022-08-22T10:33:46","modified_gmt":"2022-08-22T10:33:46","slug":"formacio-informatica","status":"publish","type":"page","link":"https:\/\/ebresoft.com\/index.php\/formacio-informatica\/","title":{"rendered":"Formaci\u00f3n inform\u00e1tica"},"content":{"rendered":"<p><br \/><img loading=\"lazy\" decoding=\"async\" class=\" wp-image-114 aligncenter\" src=\"https:\/\/ebresoft.com\/wp-content\/uploads\/2016\/11\/logoR.jpg\" alt=\"logor\" width=\"146\" height=\"123\" \/><\/p>\n<h1 style=\"text-align: center;\">Formaci\u00f3n a medida.<\/h1>\n<p style=\"text-align: justify;\">Somos especialistas en inform\u00e1tica, realizamos una formaci\u00f3n basada en un estudio de nivel y adaptamos los cursos en funci\u00f3n de las necesidades de los clientes, personalizando los ejercicios en funci\u00f3n de los conocimientos, nivel, actividad, duraci\u00f3n &#8230;<\/p>\n<p style=\"text-align: justify;\">Le ayudamos a conocer en profundidad los sistemas operativos como Windows, Ubuntu, las principales aplicaciones de ofim\u00e1tica y los programas m\u00e1s utilizados de Internet y creatividad de p\u00e1ginas web o Edici\u00f3n de im\u00e1genes.<\/p>\n<p style=\"text-align: justify;\"><img loading=\"lazy\" decoding=\"async\" class=\"size-medium wp-image-57 aligncenter\" src=\"https:\/\/ebresoft.com\/wp-content\/uploads\/2016\/11\/microsoft-80658_960_720-300x150.png\" alt=\"\" width=\"300\" height=\"150\" srcset=\"https:\/\/ebresoft.com\/wp-content\/uploads\/2016\/11\/microsoft-80658_960_720-300x150.png 300w, https:\/\/ebresoft.com\/wp-content\/uploads\/2016\/11\/microsoft-80658_960_720-768x384.png 768w, https:\/\/ebresoft.com\/wp-content\/uploads\/2016\/11\/microsoft-80658_960_720.png 960w\" sizes=\"auto, (max-width: 300px) 100vw, 300px\" \/><\/p>\n<p style=\"text-align: justify;\">Aprender a trabajar, de forma inter relacionada, en las aplicaciones del paquete Office: Word, Excel y Access, correo electr\u00f3nico Outlook, Power Point &#8230; u OpenOffice optimizando su tiempo y mejore su productividad en el trabajo.<\/p>\n<p style=\"text-align: justify;\">Dominar las herramientas m\u00e1s solicitadas en el mercado laboral y en proyecci\u00f3n de futuro.<\/p>\n<p style=\"text-align: justify;\">Realizamos formaci\u00f3n inform\u00e1tica para la administraci\u00f3n p\u00fablica, empresas, centros de formaci\u00f3n, academias, organismos p\u00fablicos, colegios.<\/p>\n<p><img loading=\"lazy\" decoding=\"async\" class=\"size-medium wp-image-279 aligncenter\" src=\"https:\/\/ebresoft.com\/wp-content\/uploads\/2022\/08\/logo-soc-300x75.png\" alt=\"\" width=\"300\" height=\"75\" srcset=\"https:\/\/ebresoft.com\/wp-content\/uploads\/2022\/08\/logo-soc-300x75.png 300w, https:\/\/ebresoft.com\/wp-content\/uploads\/2022\/08\/logo-soc-768x192.png 768w, https:\/\/ebresoft.com\/wp-content\/uploads\/2022\/08\/logo-soc.png 800w\" sizes=\"auto, (max-width: 300px) 100vw, 300px\" \/><\/p>\n<ul>\n<li>Certificados de profesionalidad<\/li>\n<\/ul>\n<p>Los certificados de profesionalidad se basan en cualificaciones que se recogen en el Cat\u00e1logo Nacional de Cualificaciones Profesionales, que a la vez se basa en el Sistema Europeo de Cualificaciones.<\/p>\n<ul>\n<li>Cursos de parados<\/li>\n<\/ul>\n<p>Los cursos de formaci\u00f3n profesional para el empleo son los que se dirigen a personas trabajadoras prioritariamente en situaci\u00f3n de desempleo.<\/p>\n<ul>\n<li style=\"text-align: left;\">Formaci\u00f3n continua<\/li>\n<\/ul>\n<p>La formaci\u00f3n continua para trabajadores ocupados tiene por objeto ofrecerles una formaci\u00f3n que afronte los requerimientos de productividad y competitividad de las empresas<\/p>\n<ul>\n<li>Formaci\u00f3n de demanda<\/li>\n<\/ul>\n<p>Las empresas disponen de un cr\u00e9dito anual para la formaci\u00f3n de sus trabajadores<\/p>\n<p>\u00a0<\/p>\n<p style=\"text-align: center;\"><strong>Formaci\u00f3n inform\u00e1tica software libre<\/strong><\/p>\n<h3><span style=\"font-size: medium;\"><img loading=\"lazy\" decoding=\"async\" class=\"size-medium wp-image-60 aligncenter\" src=\"https:\/\/terraalta.net\/wp-content\/uploads\/2016\/11\/libre-1-300x168.png\" alt=\"libre\" width=\"300\" height=\"168\" \/><\/span><\/h3>\n<ul>\n<li>LibreOffice<\/li>\n<\/ul>\n<p style=\"text-align: center;\"><strong>Formaci\u00f3n inform\u00e1tica en Herramientas de ofim\u00e1tica empresarial<\/strong><\/p>\n<p><img loading=\"lazy\" decoding=\"async\" class=\"size-medium wp-image-288 aligncenter\" src=\"https:\/\/terraalta.net\/wp-content\/uploads\/2016\/04\/office-12-300x212.png\" alt=\"office-12\" width=\"300\" height=\"212\" \/><\/p>\n<ul>\n<li>Formaci\u00f3n Windows<\/li>\n<li>Formaci\u00f3n Word<\/li>\n<li>Formaci\u00f3n Excel<\/li>\n<li>Formaci\u00f3n Access<\/li>\n<li>Formaci\u00f3n PowerPoint<\/li>\n<li>Formaci\u00f3n Outlook &#8230;<\/li>\n<\/ul>\n<p style=\"text-align: center;\"><strong>Formaci\u00f3n inform\u00e1tica en Internet y Correo Electr\u00f3nico<\/strong><\/p>\n<p><span style=\"color: #0000ff;\"><img loading=\"lazy\" decoding=\"async\" class=\"size-medium wp-image-293 aligncenter\" src=\"https:\/\/terraalta.net\/wp-content\/uploads\/2016\/02\/softwar_720-300x212.jpg\" alt=\"softwar_720\" width=\"300\" height=\"212\" \/><\/span><\/p>\n<ul>\n<li>Formaci\u00f3n Internet y navegaci\u00f3n, b\u00fasquedas<\/li>\n<li>Formaci\u00f3n transmisi\u00f3n de archivos, servicios<\/li>\n<li>Formaci\u00f3n en redes sociales<\/li>\n<li>Formaci\u00f3n en posicionamiento web<\/li>\n<li>Formaci\u00f3n en herramientas de Google<\/li>\n<li>Formaci\u00f3n correo electr\u00f3nico webmail &#8230;<\/li>\n<\/ul>\n<p style=\"text-align: center;\"><strong>Formaci\u00f3n inform\u00e1tica en Dise\u00f1o de P\u00e1ginas Web y programaci\u00f3n<\/strong><\/p>\n<p><span style=\"font-family: Arial;\"><img loading=\"lazy\" decoding=\"async\" class=\"size-medium wp-image-63 aligncenter\" src=\"https:\/\/terraalta.net\/wp-content\/uploads\/2016\/11\/wordpress-1-1-300x200.jpg\" alt=\"wordpress-1\" width=\"300\" height=\"200\" \/><\/span><\/p>\n<ul>\n<li>Formaci\u00f3n Dreamweaver<\/li>\n<li>Formaci\u00f3n HTML<\/li>\n<li>Formaci\u00f3n ASP<\/li>\n<li>Formaci\u00f3n WordPress<\/li>\n<li>Formaci\u00f3n Joomla<\/li>\n<li>Formaci\u00f3n FrontPage &#8230;<\/li>\n<\/ul>\n<p style=\"text-align: center;\"><strong>Formaci\u00f3n inform\u00e1tica en Dise\u00f1o Gr\u00e1fico y Autoedici\u00f3n<\/strong><\/p>\n<h3><span style=\"color: #0000ff; font-family: Arial; font-size: medium;\"><span style=\"color: #0000ff;\"><img loading=\"lazy\" decoding=\"async\" class=\"size-medium wp-image-294 aligncenter\" src=\"https:\/\/terraalta.net\/wp-content\/uploads\/2016\/02\/adobe_photoshop-300x190.png\" alt=\"adobe_photoshop\" width=\"300\" height=\"190\" \/><\/span><\/span><\/h3>\n<ul>\n<li>Formaci\u00f3n Photoshop<\/li>\n<li>Formaci\u00f3n Corel<\/li>\n<li>Formaci\u00f3n Flash &#8230;<\/li>\n<\/ul>\n<p style=\"text-align: center;\"><strong>Formaci\u00f3n inform\u00e1tica en Linux &#8211; Software libre<\/strong><\/p>\n<p><span style=\"color: #0000ff; font-family: Arial; font-size: medium;\"><img loading=\"lazy\" decoding=\"async\" class=\"wp-image-64 aligncenter\" src=\"https:\/\/terraalta.net\/wp-content\/uploads\/2016\/11\/linux-1-293x300.png\" alt=\"linux\" width=\"88\" height=\"90\" \/><\/span><\/p>\n<ul>\n<li>Formaci\u00f3n Suse<\/li>\n<li>Formaci\u00f3n Ubuntu<\/li>\n<\/ul>\n<p><strong>Acreditaciones formativas Google, Adobe, Microsoft, ECDL, Actic<\/strong><\/p>\n<div id=\"block-7f3c9a6f-5f6d-4e56-8c7e-45dc082a77d5\" class=\"wp-block editor-block-list__block block-editor-block-list__block is-selected\" tabindex=\"0\" data-type=\"core\/image\" aria-label=\"Bloque: Imagen\">\n<div class=\"editor-block-list__block-edit block-editor-block-list__block-edit\">\n<div data-block=\"7f3c9a6f-5f6d-4e56-8c7e-45dc082a77d5\">\n<figure class=\"wp-block-image is-focused size-large\">\n<div>\n<div class=\"components-resizable-box__container\"><img decoding=\"async\" src=\"https:\/\/ebresoft.com\/wp-content\/uploads\/2019\/12\/formacio-informatica-ebresoft--1024x95.png\" alt=\"La imagen tiene un atributo ALT vac\u00edo; su nombre de archivo es formacio-informatica-ebresoft--1024x95.png\" \/><\/div>\n<\/div>\n<figcaption class=\"rich-text editor-rich-text__editable block-editor-rich-text__editable\" role=\"textbox\" contenteditable=\"true\" aria-multiline=\"true\" aria-label=\"Escribe la leyenda\u2026\"><\/figcaption>\n<\/figure>\n<div class=\"components-drop-zone\">\u00a0<\/div>\n<\/div>\n<\/div>\n<\/div>\n<div id=\"block-ed448ed4-954c-46a9-a60c-e75c784b6be6\" class=\"wp-block editor-block-list__block block-editor-block-list__block\" tabindex=\"0\" data-type=\"core\/paragraph\" aria-label=\"Bloque: P\u00e1rrafo\">\n<div class=\"editor-block-list__insertion-point block-editor-block-list__insertion-point\">\n<div class=\"editor-block-list__insertion-point-inserter block-editor-block-list__insertion-point-inserter\" tabindex=\"-1\">\n<div class=\"editor-inserter block-editor-inserter\">\u00a0<\/div>\n<\/div>\n<\/div>\n<div class=\"components-drop-zone editor-block-drop-zone block-editor-block-drop-zone\">\u00a0<\/div>\n<div class=\"editor-block-list__block-edit block-editor-block-list__block-edit\">\n<div data-block=\"ed448ed4-954c-46a9-a60c-e75c784b6be6\">\n<div>\n<div class=\"editor-rich-text block-editor-rich-text\">\u00a0<\/div>\n<\/div>\n<\/div>\n<\/div>\n<\/div>\n<p style=\"text-align: justify;\">Dominar la inform\u00e1tica profesionalmente es fundamental los programas Windows, Word, Excel. Access, PowerPoint, Outlook &#8230;., navegar por Internet, conocer la terminolog\u00eda relacionada con la WWW, saber realizar b\u00fasquedas avanzadas para poder encontrar en la red lo que buscamos, estos conocimientos inform\u00e1ticos en nuestros d\u00edas es b\u00e1sico, da una gran seguridad y competitividad, adquirir estos conocimientos nos hace la vida m\u00e1s sencilla, a Ebresoft la ofrecemos una formaci\u00f3n avalada por una amplia experiencia, ofreciendo una formaci\u00f3n de calidad, a su medida, adapt\u00e1ndonos a sus horarios, nos desplazamos a su empresa, asociaci\u00f3n, entidad &#8230; ofreciendo los mejores precios.<\/p>\n<p style=\"text-align: justify;\">Ofrecemos otros servicios como: Programaci\u00f3n a medida, comercial, B2B, Paginas web, flash, cat\u00e1logos, Multimedia, mantenimiento y reparaciones, Ordenadores PC, Ordenadores Port\u00e1tiles, Dise\u00f1o Gr\u00e1fico, Publicidad, Redes, ADSL, Seguridad inform\u00e1tica, Linux, Posicionamiento en buscadores, Registro de dominios, Desarrollo de Proyectos &#8230;<\/p>\n<p>Cualquier consulta, sugerencia o reclamaci\u00f3n pueden dirigirse a la direcci\u00f3n postal o contactar a<\/p>\n<p style=\"text-align: center;\">Tel \/ Fax. +34 977 42 60 25\u00a0&#8211; 620 86 46 86<br \/><strong>informatica@ebresoft.com<\/strong><\/p>\n<table width=\"100%\">\n<tbody>\n<tr>\n<td align=\"justify\" height=\"189\">\n<table width=\"100%\">\n<tbody>\n<tr>\n<td width=\"100%\">\n<h3 style=\"text-align: center;\">Productos y servicios inform\u00e1ticos para \u00a0 empresas, particulares y administraci\u00f3n publica en la Terra Alta &#8211; Terres de l\u2019Ebre<\/h3>\n<\/td>\n<\/tr>\n<\/tbody>\n<\/table>\n<\/td>\n<\/tr>\n<\/tbody>\n<\/table>\n\n\n<figure class=\"wp-block-image size-large\"><img loading=\"lazy\" decoding=\"async\" width=\"1024\" height=\"95\" src=\"https:\/\/ebresoft.com\/wp-content\/uploads\/2019\/12\/formacio-informatica-ebresoft--1024x95.png\" alt=\"\" class=\"wp-image-257\" srcset=\"https:\/\/ebresoft.com\/wp-content\/uploads\/2019\/12\/formacio-informatica-ebresoft--1024x95.png 1024w, https:\/\/ebresoft.com\/wp-content\/uploads\/2019\/12\/formacio-informatica-ebresoft--300x28.png 300w, https:\/\/ebresoft.com\/wp-content\/uploads\/2019\/12\/formacio-informatica-ebresoft--768x71.png 768w, https:\/\/ebresoft.com\/wp-content\/uploads\/2019\/12\/formacio-informatica-ebresoft--1536x143.png 1536w, https:\/\/ebresoft.com\/wp-content\/uploads\/2019\/12\/formacio-informatica-ebresoft-.png 1897w\" sizes=\"auto, (max-width: 1024px) 100vw, 1024px\" \/><\/figure>\n\n\n\n<p><\/p>\n","protected":false},"excerpt":{"rendered":"<p>Formaci\u00f3n a medida. Somos especialistas en inform\u00e1tica, realizamos una formaci\u00f3n basada en un estudio de nivel y adaptamos los cursos en funci\u00f3n de las necesidades de los clientes, personalizando los ejercicios en funci\u00f3n de los conocimientos, nivel, actividad, duraci\u00f3n &#8230; Le ayudamos a conocer en profundidad los sistemas operativos como Windows, Ubuntu, las principales aplicaciones &hellip; <a href=\"https:\/\/ebresoft.com\/index.php\/formacio-informatica\/\" class=\"more-link\">Sigue leyendo <span class=\"screen-reader-text\">Formaci\u00f3n inform\u00e1tica<\/span><\/a><\/p>\n","protected":false},"author":1,"featured_media":0,"parent":0,"menu_order":0,"comment_status":"closed","ping_status":"closed","template":"","meta":{"footnotes":""},"class_list":["post-12","page","type-page","status-publish","hentry"],"yoast_head":"<!-- This site is optimized with the Yoast SEO plugin v26.8 - https:\/\/yoast.com\/product\/yoast-seo-wordpress\/ -->\n<title>Formaci\u00f3n inform\u00e1tica - Ebresoft Inform\u00e0tica<\/title>\n<meta name=\"robots\" content=\"index, follow, max-snippet:-1, max-image-preview:large, max-video-preview:-1\" \/>\n<link rel=\"canonical\" href=\"https:\/\/ebresoft.com\/index.php\/formacio-informatica\/\" \/>\n<meta property=\"og:locale\" content=\"es_ES\" \/>\n<meta property=\"og:type\" content=\"article\" \/>\n<meta property=\"og:title\" content=\"Formaci\u00f3n inform\u00e1tica - Ebresoft Inform\u00e0tica\" \/>\n<meta property=\"og:description\" content=\"Formaci\u00f3n a medida. Somos especialistas en inform\u00e1tica, realizamos una formaci\u00f3n basada en un estudio de nivel y adaptamos los cursos en funci\u00f3n de las necesidades de los clientes, personalizando los ejercicios en funci\u00f3n de los conocimientos, nivel, actividad, duraci\u00f3n &#8230; Le ayudamos a conocer en profundidad los sistemas operativos como Windows, Ubuntu, las principales aplicaciones &hellip; Sigue leyendo Formaci\u00f3n inform\u00e1tica\" \/>\n<meta property=\"og:url\" content=\"https:\/\/ebresoft.com\/index.php\/formacio-informatica\/\" \/>\n<meta property=\"og:site_name\" content=\"Ebresoft Inform\u00e0tica\" \/>\n<meta property=\"article:modified_time\" content=\"2022-08-22T10:33:46+00:00\" \/>\n<meta property=\"og:image\" content=\"http:\/\/ebresoft.com\/wp-content\/uploads\/2016\/11\/logoR.jpg\" \/>\n<meta name=\"twitter:card\" content=\"summary_large_image\" \/>\n<meta name=\"twitter:label1\" content=\"Tiempo de lectura\" \/>\n\t<meta name=\"twitter:data1\" content=\"3 minutos\" \/>\n<script type=\"application\/ld+json\" class=\"yoast-schema-graph\">{\"@context\":\"https:\/\/schema.org\",\"@graph\":[{\"@type\":\"WebPage\",\"@id\":\"https:\/\/ebresoft.com\/index.php\/formacio-informatica\/\",\"url\":\"https:\/\/ebresoft.com\/index.php\/formacio-informatica\/\",\"name\":\"Formaci\u00f3n inform\u00e1tica - Ebresoft Inform\u00e0tica\",\"isPartOf\":{\"@id\":\"https:\/\/ebresoft.com\/#website\"},\"primaryImageOfPage\":{\"@id\":\"https:\/\/ebresoft.com\/index.php\/formacio-informatica\/#primaryimage\"},\"image\":{\"@id\":\"https:\/\/ebresoft.com\/index.php\/formacio-informatica\/#primaryimage\"},\"thumbnailUrl\":\"http:\/\/ebresoft.com\/wp-content\/uploads\/2016\/11\/logoR.jpg\",\"datePublished\":\"2016-11-03T19:39:24+00:00\",\"dateModified\":\"2022-08-22T10:33:46+00:00\",\"breadcrumb\":{\"@id\":\"https:\/\/ebresoft.com\/index.php\/formacio-informatica\/#breadcrumb\"},\"inLanguage\":\"es\",\"potentialAction\":[{\"@type\":\"ReadAction\",\"target\":[\"https:\/\/ebresoft.com\/index.php\/formacio-informatica\/\"]}]},{\"@type\":\"ImageObject\",\"inLanguage\":\"es\",\"@id\":\"https:\/\/ebresoft.com\/index.php\/formacio-informatica\/#primaryimage\",\"url\":\"http:\/\/ebresoft.com\/wp-content\/uploads\/2016\/11\/logoR.jpg\",\"contentUrl\":\"http:\/\/ebresoft.com\/wp-content\/uploads\/2016\/11\/logoR.jpg\"},{\"@type\":\"BreadcrumbList\",\"@id\":\"https:\/\/ebresoft.com\/index.php\/formacio-informatica\/#breadcrumb\",\"itemListElement\":[{\"@type\":\"ListItem\",\"position\":1,\"name\":\"Portada\",\"item\":\"https:\/\/ebresoft.com\/\"},{\"@type\":\"ListItem\",\"position\":2,\"name\":\"Formaci\u00f3n inform\u00e1tica\"}]},{\"@type\":\"WebSite\",\"@id\":\"https:\/\/ebresoft.com\/#website\",\"url\":\"https:\/\/ebresoft.com\/\",\"name\":\"Ebresoft Inform\u00e0tica\",\"description\":\"Productos y servicios inform\u00e1ticos pera empresas, particulares y administraci\u00f3n Terres de l&#039;Ebre\",\"publisher\":{\"@id\":\"https:\/\/ebresoft.com\/#organization\"},\"potentialAction\":[{\"@type\":\"SearchAction\",\"target\":{\"@type\":\"EntryPoint\",\"urlTemplate\":\"https:\/\/ebresoft.com\/?s={search_term_string}\"},\"query-input\":{\"@type\":\"PropertyValueSpecification\",\"valueRequired\":true,\"valueName\":\"search_term_string\"}}],\"inLanguage\":\"es\"},{\"@type\":\"Organization\",\"@id\":\"https:\/\/ebresoft.com\/#organization\",\"name\":\"Ebresoft Inform\u00e0tica\",\"url\":\"https:\/\/ebresoft.com\/\",\"logo\":{\"@type\":\"ImageObject\",\"inLanguage\":\"es\",\"@id\":\"https:\/\/ebresoft.com\/#\/schema\/logo\/image\/\",\"url\":\"https:\/\/ebresoft.com\/wp-content\/uploads\/2016\/11\/ebresoftinformatica.jpg\",\"contentUrl\":\"https:\/\/ebresoft.com\/wp-content\/uploads\/2016\/11\/ebresoftinformatica.jpg\",\"width\":120,\"height\":105,\"caption\":\"Ebresoft Inform\u00e0tica\"},\"image\":{\"@id\":\"https:\/\/ebresoft.com\/#\/schema\/logo\/image\/\"}}]}<\/script>\n<!-- \/ Yoast SEO plugin. -->","yoast_head_json":{"title":"Formaci\u00f3n inform\u00e1tica - Ebresoft Inform\u00e0tica","robots":{"index":"index","follow":"follow","max-snippet":"max-snippet:-1","max-image-preview":"max-image-preview:large","max-video-preview":"max-video-preview:-1"},"canonical":"https:\/\/ebresoft.com\/index.php\/formacio-informatica\/","og_locale":"es_ES","og_type":"article","og_title":"Formaci\u00f3n inform\u00e1tica - Ebresoft Inform\u00e0tica","og_description":"Formaci\u00f3n a medida. Somos especialistas en inform\u00e1tica, realizamos una formaci\u00f3n basada en un estudio de nivel y adaptamos los cursos en funci\u00f3n de las necesidades de los clientes, personalizando los ejercicios en funci\u00f3n de los conocimientos, nivel, actividad, duraci\u00f3n &#8230; Le ayudamos a conocer en profundidad los sistemas operativos como Windows, Ubuntu, las principales aplicaciones &hellip; Sigue leyendo Formaci\u00f3n inform\u00e1tica","og_url":"https:\/\/ebresoft.com\/index.php\/formacio-informatica\/","og_site_name":"Ebresoft Inform\u00e0tica","article_modified_time":"2022-08-22T10:33:46+00:00","og_image":[{"url":"http:\/\/ebresoft.com\/wp-content\/uploads\/2016\/11\/logoR.jpg","type":"","width":"","height":""}],"twitter_card":"summary_large_image","twitter_misc":{"Tiempo de lectura":"3 minutos"},"schema":{"@context":"https:\/\/schema.org","@graph":[{"@type":"WebPage","@id":"https:\/\/ebresoft.com\/index.php\/formacio-informatica\/","url":"https:\/\/ebresoft.com\/index.php\/formacio-informatica\/","name":"Formaci\u00f3n inform\u00e1tica - Ebresoft Inform\u00e0tica","isPartOf":{"@id":"https:\/\/ebresoft.com\/#website"},"primaryImageOfPage":{"@id":"https:\/\/ebresoft.com\/index.php\/formacio-informatica\/#primaryimage"},"image":{"@id":"https:\/\/ebresoft.com\/index.php\/formacio-informatica\/#primaryimage"},"thumbnailUrl":"http:\/\/ebresoft.com\/wp-content\/uploads\/2016\/11\/logoR.jpg","datePublished":"2016-11-03T19:39:24+00:00","dateModified":"2022-08-22T10:33:46+00:00","breadcrumb":{"@id":"https:\/\/ebresoft.com\/index.php\/formacio-informatica\/#breadcrumb"},"inLanguage":"es","potentialAction":[{"@type":"ReadAction","target":["https:\/\/ebresoft.com\/index.php\/formacio-informatica\/"]}]},{"@type":"ImageObject","inLanguage":"es","@id":"https:\/\/ebresoft.com\/index.php\/formacio-informatica\/#primaryimage","url":"http:\/\/ebresoft.com\/wp-content\/uploads\/2016\/11\/logoR.jpg","contentUrl":"http:\/\/ebresoft.com\/wp-content\/uploads\/2016\/11\/logoR.jpg"},{"@type":"BreadcrumbList","@id":"https:\/\/ebresoft.com\/index.php\/formacio-informatica\/#breadcrumb","itemListElement":[{"@type":"ListItem","position":1,"name":"Portada","item":"https:\/\/ebresoft.com\/"},{"@type":"ListItem","position":2,"name":"Formaci\u00f3n inform\u00e1tica"}]},{"@type":"WebSite","@id":"https:\/\/ebresoft.com\/#website","url":"https:\/\/ebresoft.com\/","name":"Ebresoft Inform\u00e0tica","description":"Productos y servicios inform\u00e1ticos pera empresas, particulares y administraci\u00f3n Terres de l&#039;Ebre","publisher":{"@id":"https:\/\/ebresoft.com\/#organization"},"potentialAction":[{"@type":"SearchAction","target":{"@type":"EntryPoint","urlTemplate":"https:\/\/ebresoft.com\/?s={search_term_string}"},"query-input":{"@type":"PropertyValueSpecification","valueRequired":true,"valueName":"search_term_string"}}],"inLanguage":"es"},{"@type":"Organization","@id":"https:\/\/ebresoft.com\/#organization","name":"Ebresoft Inform\u00e0tica","url":"https:\/\/ebresoft.com\/","logo":{"@type":"ImageObject","inLanguage":"es","@id":"https:\/\/ebresoft.com\/#\/schema\/logo\/image\/","url":"https:\/\/ebresoft.com\/wp-content\/uploads\/2016\/11\/ebresoftinformatica.jpg","contentUrl":"https:\/\/ebresoft.com\/wp-content\/uploads\/2016\/11\/ebresoftinformatica.jpg","width":120,"height":105,"caption":"Ebresoft Inform\u00e0tica"},"image":{"@id":"https:\/\/ebresoft.com\/#\/schema\/logo\/image\/"}}]}},"_links":{"self":[{"href":"https:\/\/ebresoft.com\/index.php\/wp-json\/wp\/v2\/pages\/12","targetHints":{"allow":["GET"]}}],"collection":[{"href":"https:\/\/ebresoft.com\/index.php\/wp-json\/wp\/v2\/pages"}],"about":[{"href":"https:\/\/ebresoft.com\/index.php\/wp-json\/wp\/v2\/types\/page"}],"author":[{"embeddable":true,"href":"https:\/\/ebresoft.com\/index.php\/wp-json\/wp\/v2\/users\/1"}],"replies":[{"embeddable":true,"href":"https:\/\/ebresoft.com\/index.php\/wp-json\/wp\/v2\/comments?post=12"}],"version-history":[{"count":38,"href":"https:\/\/ebresoft.com\/index.php\/wp-json\/wp\/v2\/pages\/12\/revisions"}],"predecessor-version":[{"id":280,"href":"https:\/\/ebresoft.com\/index.php\/wp-json\/wp\/v2\/pages\/12\/revisions\/280"}],"wp:attachment":[{"href":"https:\/\/ebresoft.com\/index.php\/wp-json\/wp\/v2\/media?parent=12"}],"curies":[{"name":"wp","href":"https:\/\/api.w.org\/{rel}","templated":true}]}}