{"id":10,"date":"2016-11-03T19:38:49","date_gmt":"2016-11-03T19:38:49","guid":{"rendered":"http:\/\/informatica.ebresoft.com\/?page_id=10"},"modified":"2018-04-21T14:01:22","modified_gmt":"2018-04-21T14:01:22","slug":"consultoria-informatica","status":"publish","type":"page","link":"https:\/\/ebresoft.com\/index.php\/consultoria-informatica\/","title":{"rendered":"Consultoria inform\u00e1tica"},"content":{"rendered":"<p style=\"text-align: justify;\"><img loading=\"lazy\" decoding=\"async\" class=\"wp-image-114 aligncenter\" src=\"https:\/\/ebresoft.com\/wp-content\/uploads\/2016\/11\/logoR.jpg\" alt=\"logor\" width=\"108\" height=\"91\" \/><\/p>\n<h1 style=\"text-align: center;\">Consultor\u00eda en nuevas tecnolog\u00edas TIC e Internet<\/h1>\n<p style=\"text-align: justify;\"><img loading=\"lazy\" decoding=\"async\" class=\"size-medium wp-image-32 aligncenter\" src=\"https:\/\/ebresoft.com\/wp-content\/uploads\/2016\/11\/router-300x225.png\" alt=\"router\" width=\"300\" height=\"225\" srcset=\"https:\/\/ebresoft.com\/wp-content\/uploads\/2016\/11\/router-300x225.png 300w, https:\/\/ebresoft.com\/wp-content\/uploads\/2016\/11\/router-768x575.png 768w, https:\/\/ebresoft.com\/wp-content\/uploads\/2016\/11\/router.png 960w\" sizes=\"auto, (max-width: 300px) 100vw, 300px\" \/><\/p>\n<p style=\"text-align: justify;\">Consultor\u00eda de acciones en la red, gesti\u00f3n de Usabilidad de su p\u00e1gina web, Hosting y posicionamiento, an\u00e1lisis de su actividad y resultados en Internet, aspectos a cubrir o mejorar:<\/p>\n<p style=\"text-align: justify;\"><img loading=\"lazy\" decoding=\"async\" class=\"size-medium wp-image-33 aligncenter\" src=\"http:\/\/informatica.ebresoft.com\/wp-content\/uploads\/2016\/11\/web-1045994_960_720-300x225.jpg\" alt=\"web\" width=\"300\" height=\"225\" srcset=\"https:\/\/ebresoft.com\/wp-content\/uploads\/2016\/11\/web-1045994_960_720-300x225.jpg 300w, https:\/\/ebresoft.com\/wp-content\/uploads\/2016\/11\/web-1045994_960_720-768x576.jpg 768w, https:\/\/ebresoft.com\/wp-content\/uploads\/2016\/11\/web-1045994_960_720.jpg 960w\" sizes=\"auto, (max-width: 300px) 100vw, 300px\" \/><\/p>\n<ul>\n<li style=\"text-align: justify;\">Navegaci\u00f3n de la p\u00e1gina web,<\/li>\n<li>Dise\u00f1o de la interacci\u00f3n en la p\u00e1gina web,<\/li>\n<li>Comportamiento de los usuarios,<\/li>\n<li>Reducir el tiempo en aprendizaje de los usuarios para movernos por la p\u00e1gina web.<\/li>\n<li>Optimizar los gastos de dise\u00f1o y mantenimiento web.<\/li>\n<li>Aumentar la tasa de conversi\u00f3n de visitantes a posibles clientes nuestros.<\/li>\n<li>Mejorar la imagen de marca o la empresa<\/li>\n<li>Dar un valor a\u00f1adido a nuestra p\u00e1gina web<\/li>\n<li>Reducir el tiempo que se tarda el usuario en completar cada tarea.<\/li>\n<li>Incrementar la satisfacci\u00f3n y la productividad del visitante en nuestra p\u00e1gina web.<\/li>\n<li>Fidelizar a los usuarios<\/li>\n<\/ul>\n<p style=\"text-align: justify;\">Ebresoft analizar\u00e1 y propondr\u00e1 las mejoras y cambios crear o mejorar la navegaci\u00f3n para mejorar la usabilidad de la p\u00e1gina web, utilizando las t\u00e9cnicas que facilitan la interacci\u00f3n entre personas y ordenadores desarrollando el dise\u00f1o, programaci\u00f3n y herramientas interactivas en el desarrollo y la programaci\u00f3n de la pagina web.<\/p>\n<p style=\"text-align: justify;\"><img loading=\"lazy\" decoding=\"async\" class=\"size-medium wp-image-36 aligncenter\" src=\"http:\/\/informatica.ebresoft.com\/wp-content\/uploads\/2016\/11\/search-engine-optimization-687236_960_720-300x212.jpg\" alt=\"optimization\" width=\"300\" height=\"212\" srcset=\"https:\/\/ebresoft.com\/wp-content\/uploads\/2016\/11\/search-engine-optimization-687236_960_720-300x212.jpg 300w, https:\/\/ebresoft.com\/wp-content\/uploads\/2016\/11\/search-engine-optimization-687236_960_720-768x542.jpg 768w, https:\/\/ebresoft.com\/wp-content\/uploads\/2016\/11\/search-engine-optimization-687236_960_720.jpg 960w\" sizes=\"auto, (max-width: 300px) 100vw, 300px\" \/><\/p>\n<p>Ebresoft le asesorar\u00e1 en demostrarle que puede hacer Internet en para su empresa, le responderemos en cada una de sus dudas y le informaremos de cualquier opci\u00f3n que pueda ser de su inter\u00e9s.<\/p>\n<p>Consultor\u00eda en desarrollo de proyectos v\u00eda Internet y Marketing por la red.<\/p>\n<h1 style=\"text-align: center;\">Consultor\u00eda en seguridad inform\u00e1tica<\/h1>\n<p style=\"text-align: justify;\"><img loading=\"lazy\" decoding=\"async\" class=\"size-medium wp-image-34 aligncenter\" src=\"http:\/\/informatica.ebresoft.com\/wp-content\/uploads\/2016\/11\/seguridad-300x136.jpg\" alt=\"seguridad\" width=\"300\" height=\"136\" srcset=\"https:\/\/ebresoft.com\/wp-content\/uploads\/2016\/11\/seguridad-300x136.jpg 300w, https:\/\/ebresoft.com\/wp-content\/uploads\/2016\/11\/seguridad.jpg 440w\" sizes=\"auto, (max-width: 300px) 100vw, 300px\" \/><\/p>\n<p>La seguridad es un problema de todos, est\u00e1 al abades de cualquiera, ya que s\u00f3lo hay que un ordenador de la red inseguro para que toda la red estuvo en ricos de sufrir problemas. Por este motivo es importante tomar las medidas necesarias.<\/p>\n<p>Ebresoft le ofrece asesoramiento en virus, troyanos, puertos, redes, protocolo SSL, firma digital, Firewall, nosotros le asesoramos en todas aquellas cosas que usted no entienda, para crear un entorno seguro consultar &#8230;<\/p>\n<p>Le asesoraremos y prevenimos con los mejores sistemas y soluciones de virus, caballos de troyano o seguridad interna y externa de la empresa.<\/p>\n<p>Mejorar los sistemas de seguridad, routers, cortafuegos, tecnolog\u00eda inalambrica wereless, intrusiones, mensajes infectados, falls de dise\u00f1o o arquitectura de software. errores humanos posibles, existen muchos aspectos a tener en cuenta para mejorar la seguridad inform\u00e1tica.<\/p>\n<p style=\"text-align: justify;\"><img loading=\"lazy\" decoding=\"async\" class=\"size-medium wp-image-257 aligncenter\" src=\"https:\/\/terraalta.net\/wp-content\/uploads\/2016\/11\/disc-1085276_960_720-1-300x200.jpg\" alt=\"disc-1085276_960_720\" width=\"300\" height=\"200\" \/><\/p>\n<h4>Principales amenazas<\/h4>\n<p><strong>MALWARE<\/strong><\/p>\n<p>Tambi\u00e9n llamado c\u00f3digo malicioso; incluye virus, gusanos, troyanos, etc.<br \/>\nexploit. Es un programa que aprovecha una vulnerabilidad de un sistema inform\u00e1tico para robar datos o contrase\u00f1as de los usuarios, espiar la actividad de los mismos, controlar o modificar la configuraci\u00f3n del equipo, entre otros.<\/p>\n<p><strong>ATAQUES DE DENEGACI\u00d3N DE SERVICIO (DOS<\/strong>)<\/p>\n<p>Se entiende como denegaci\u00f3n de servicio a un conjunto de t\u00e9cnicas cuyo objetivo es inutilizar un servidor (por ejemplo la web de una empresa). Un ataque de Denegaci\u00f3n de Servicio Distribuido (DDoS) es m\u00e1s sofisticado y permite enviar peticiones coordinadas entre diferentes equipos en un mismo servidor para inutilizar o \u00abtirarlo\u00bb.<\/p>\n<p><strong>PHISHING<\/strong><\/p>\n<p>Este tipo de ataque se realiza com\u00fanmente a trav\u00e9s de correos electr\u00f3nicos (e-mail) donde se intenta convencer a un usuario para que conf\u00ede en el contenido del email, con la intenci\u00f3n de obtener informaci\u00f3n (por ejemplo contrase\u00f1as o claves de acceso). Este tipo de ataques tambi\u00e9n puede realizarse a trav\u00e9s de WhatsApp, servicios de mensajer\u00eda, etc.<\/p>\n<p><strong>APT<\/strong><\/p>\n<p>Amenaza persistente avanzada<br \/>\nAmenazas complejas avanzadas y persistentes, a trav\u00e9s de ataques coordinados dirigidos a una entidad u organizaci\u00f3n espec\u00edfica.<\/p>\n<h1 style=\"text-align: justify;\">Consultor\u00eda en Gesti\u00f3n de Datos, comunicaciones y viabilidad de recursos<\/h1>\n<p style=\"text-align: justify;\"><img loading=\"lazy\" decoding=\"async\" class=\"size-medium wp-image-275 aligncenter\" src=\"https:\/\/terraalta.net\/wp-content\/uploads\/2016\/11\/mobile180-1-300x169.jpg\" alt=\"mobile180\" width=\"300\" height=\"169\" \/><\/p>\n<p style=\"text-align: justify;\">Optimizaci\u00f3n de recursos, con el fin de abaratar costes y aliviar la gesti\u00f3n inform\u00e1tica, facilitando el trabajo de administrativos, encargados, comerciantes &#8230;<\/p>\n<p style=\"text-align: justify;\">Sistemas de red Internet, Intranet o Extranet, para comunicaciones de y entre oficinas, centros de trabajo, clientes, comerciales.<\/p>\n<p style=\"text-align: justify;\">Ebresoft le ayudar\u00e1 a determinar el sistema f\u00edsico de almacenamiento de informaci\u00f3n m\u00e1s adecuada en funci\u00f3n del volumen de informaci\u00f3n, de seguridad y de velocidad de recuperaci\u00f3n de la informaci\u00f3n y utilizar peri\u00f3dicamente mecanismos o procedimientos de salvaguarda y protecci\u00f3n de la informaci\u00f3n, gesti\u00f3n de archivos y impresoras, correo electr\u00f3nico, web y FTP, copias de seguridad &#8230;<\/p>\n<p style=\"text-align: justify;\"><img loading=\"lazy\" decoding=\"async\" class=\"size-medium wp-image-52 aligncenter\" src=\"https:\/\/terraalta.net\/wp-content\/uploads\/2016\/11\/notebook-1-300x179.jpg\" alt=\"notebook\" width=\"300\" height=\"179\" \/><\/p>\n<p style=\"text-align: justify;\">Establecer las medidas de seguridad, de protecci\u00f3n, de confidencialidad y restricci\u00f3n de informaci\u00f3n disponibles en el sistema operativo y en las aplicaciones est\u00e1ndares y espec\u00edficas.<\/p>\n<p style=\"text-align: justify;\">Antes de comprar m\u00e1s tecnolog\u00eda, consultar, le ayudaremos a saber si realmente necesita m\u00e1s tecnolog\u00eda y cu\u00e1l es la m\u00e1s adecuada a sus necesidades estableciendo un par\u00e1metros de posibilidades, calidad y precio.<\/p>\n<p style=\"text-align: justify;\">Algunos otros servicios que ofrecemos son: Paginas web, Reparaci\u00f3n de ordenadores, servidores, port\u00e1tiles &#8230; Formaci\u00f3n en entorno Microsoft, Excel, Access, Windows, ASP, Word, Internet, Certificados de profesionalidad, PhotoShop, Programaci\u00f3n a medida, comercial, B2B, flash, cat\u00e1logos, Multimedia, mantenimiento y reparaciones, Ordenadores PC, Ordenadores Port\u00e1tiles, Dise\u00f1o Gr\u00e1fico, Publicidad, Redes, ADSL, Seguridad inform\u00e1tica, Linux, Posicionamiento en buscadores, Registro de dominios, Desarrollo de Proyectos ..<\/p>\n<table width=\"100%\">\n<tbody>\n<tr>\n<td>\n<table width=\"100%\">\n<tbody>\n<tr>\n<td width=\"100%\">\n<table style=\"height: 219px;\" width=\"633\">\n<tbody>\n<tr>\n<td width=\"100%\">Cualquier consulta, sugerencia o reclamaci\u00f3n pueden dirigirse a la direcci\u00f3n postal o contactar a<\/p>\n<p style=\"text-align: center;\">Tel \/ Fax. +34 977 42 60 25 &#8211; 620 86 46 86<br \/>\n<strong>informatica@ebresoft.com<\/strong><\/p>\n<\/td>\n<\/tr>\n<\/tbody>\n<\/table>\n<\/td>\n<\/tr>\n<\/tbody>\n<\/table>\n<\/td>\n<\/tr>\n<\/tbody>\n<\/table>\n","protected":false},"excerpt":{"rendered":"<p>Consultor\u00eda en nuevas tecnolog\u00edas TIC e Internet Consultor\u00eda de acciones en la red, gesti\u00f3n de Usabilidad de su p\u00e1gina web, Hosting y posicionamiento, an\u00e1lisis de su actividad y resultados en Internet, aspectos a cubrir o mejorar: Navegaci\u00f3n de la p\u00e1gina web, Dise\u00f1o de la interacci\u00f3n en la p\u00e1gina web, Comportamiento de los usuarios, Reducir el &hellip; <a href=\"https:\/\/ebresoft.com\/index.php\/consultoria-informatica\/\" class=\"more-link\">Sigue leyendo <span class=\"screen-reader-text\">Consultoria inform\u00e1tica<\/span><\/a><\/p>\n","protected":false},"author":1,"featured_media":0,"parent":0,"menu_order":0,"comment_status":"closed","ping_status":"closed","template":"","meta":{"footnotes":""},"class_list":["post-10","page","type-page","status-publish","hentry"],"yoast_head":"<!-- This site is optimized with the Yoast SEO plugin v26.8 - https:\/\/yoast.com\/product\/yoast-seo-wordpress\/ -->\n<title>Consultoria inform\u00e1tica - Ebresoft Inform\u00e0tica<\/title>\n<meta name=\"robots\" content=\"index, follow, max-snippet:-1, max-image-preview:large, max-video-preview:-1\" \/>\n<link rel=\"canonical\" href=\"https:\/\/ebresoft.com\/index.php\/consultoria-informatica\/\" \/>\n<meta property=\"og:locale\" content=\"es_ES\" \/>\n<meta property=\"og:type\" content=\"article\" \/>\n<meta property=\"og:title\" content=\"Consultoria inform\u00e1tica - Ebresoft Inform\u00e0tica\" \/>\n<meta property=\"og:description\" content=\"Consultor\u00eda en nuevas tecnolog\u00edas TIC e Internet Consultor\u00eda de acciones en la red, gesti\u00f3n de Usabilidad de su p\u00e1gina web, Hosting y posicionamiento, an\u00e1lisis de su actividad y resultados en Internet, aspectos a cubrir o mejorar: Navegaci\u00f3n de la p\u00e1gina web, Dise\u00f1o de la interacci\u00f3n en la p\u00e1gina web, Comportamiento de los usuarios, Reducir el &hellip; Sigue leyendo Consultoria inform\u00e1tica\" \/>\n<meta property=\"og:url\" content=\"https:\/\/ebresoft.com\/index.php\/consultoria-informatica\/\" \/>\n<meta property=\"og:site_name\" content=\"Ebresoft Inform\u00e0tica\" \/>\n<meta property=\"article:modified_time\" content=\"2018-04-21T14:01:22+00:00\" \/>\n<meta property=\"og:image\" content=\"http:\/\/ebresoft.com\/wp-content\/uploads\/2016\/11\/logoR.jpg\" \/>\n<meta name=\"twitter:card\" content=\"summary_large_image\" \/>\n<meta name=\"twitter:label1\" content=\"Tiempo de lectura\" \/>\n\t<meta name=\"twitter:data1\" content=\"4 minutos\" \/>\n<script type=\"application\/ld+json\" class=\"yoast-schema-graph\">{\"@context\":\"https:\/\/schema.org\",\"@graph\":[{\"@type\":\"WebPage\",\"@id\":\"https:\/\/ebresoft.com\/index.php\/consultoria-informatica\/\",\"url\":\"https:\/\/ebresoft.com\/index.php\/consultoria-informatica\/\",\"name\":\"Consultoria inform\u00e1tica - Ebresoft Inform\u00e0tica\",\"isPartOf\":{\"@id\":\"https:\/\/ebresoft.com\/#website\"},\"primaryImageOfPage\":{\"@id\":\"https:\/\/ebresoft.com\/index.php\/consultoria-informatica\/#primaryimage\"},\"image\":{\"@id\":\"https:\/\/ebresoft.com\/index.php\/consultoria-informatica\/#primaryimage\"},\"thumbnailUrl\":\"http:\/\/ebresoft.com\/wp-content\/uploads\/2016\/11\/logoR.jpg\",\"datePublished\":\"2016-11-03T19:38:49+00:00\",\"dateModified\":\"2018-04-21T14:01:22+00:00\",\"breadcrumb\":{\"@id\":\"https:\/\/ebresoft.com\/index.php\/consultoria-informatica\/#breadcrumb\"},\"inLanguage\":\"es\",\"potentialAction\":[{\"@type\":\"ReadAction\",\"target\":[\"https:\/\/ebresoft.com\/index.php\/consultoria-informatica\/\"]}]},{\"@type\":\"ImageObject\",\"inLanguage\":\"es\",\"@id\":\"https:\/\/ebresoft.com\/index.php\/consultoria-informatica\/#primaryimage\",\"url\":\"http:\/\/ebresoft.com\/wp-content\/uploads\/2016\/11\/logoR.jpg\",\"contentUrl\":\"http:\/\/ebresoft.com\/wp-content\/uploads\/2016\/11\/logoR.jpg\"},{\"@type\":\"BreadcrumbList\",\"@id\":\"https:\/\/ebresoft.com\/index.php\/consultoria-informatica\/#breadcrumb\",\"itemListElement\":[{\"@type\":\"ListItem\",\"position\":1,\"name\":\"Portada\",\"item\":\"https:\/\/ebresoft.com\/\"},{\"@type\":\"ListItem\",\"position\":2,\"name\":\"Consultoria inform\u00e1tica\"}]},{\"@type\":\"WebSite\",\"@id\":\"https:\/\/ebresoft.com\/#website\",\"url\":\"https:\/\/ebresoft.com\/\",\"name\":\"Ebresoft Inform\u00e0tica\",\"description\":\"Productos y servicios inform\u00e1ticos pera empresas, particulares y administraci\u00f3n Terres de l&#039;Ebre\",\"publisher\":{\"@id\":\"https:\/\/ebresoft.com\/#organization\"},\"potentialAction\":[{\"@type\":\"SearchAction\",\"target\":{\"@type\":\"EntryPoint\",\"urlTemplate\":\"https:\/\/ebresoft.com\/?s={search_term_string}\"},\"query-input\":{\"@type\":\"PropertyValueSpecification\",\"valueRequired\":true,\"valueName\":\"search_term_string\"}}],\"inLanguage\":\"es\"},{\"@type\":\"Organization\",\"@id\":\"https:\/\/ebresoft.com\/#organization\",\"name\":\"Ebresoft Inform\u00e0tica\",\"url\":\"https:\/\/ebresoft.com\/\",\"logo\":{\"@type\":\"ImageObject\",\"inLanguage\":\"es\",\"@id\":\"https:\/\/ebresoft.com\/#\/schema\/logo\/image\/\",\"url\":\"https:\/\/ebresoft.com\/wp-content\/uploads\/2016\/11\/ebresoftinformatica.jpg\",\"contentUrl\":\"https:\/\/ebresoft.com\/wp-content\/uploads\/2016\/11\/ebresoftinformatica.jpg\",\"width\":120,\"height\":105,\"caption\":\"Ebresoft Inform\u00e0tica\"},\"image\":{\"@id\":\"https:\/\/ebresoft.com\/#\/schema\/logo\/image\/\"}}]}<\/script>\n<!-- \/ Yoast SEO plugin. -->","yoast_head_json":{"title":"Consultoria inform\u00e1tica - Ebresoft Inform\u00e0tica","robots":{"index":"index","follow":"follow","max-snippet":"max-snippet:-1","max-image-preview":"max-image-preview:large","max-video-preview":"max-video-preview:-1"},"canonical":"https:\/\/ebresoft.com\/index.php\/consultoria-informatica\/","og_locale":"es_ES","og_type":"article","og_title":"Consultoria inform\u00e1tica - Ebresoft Inform\u00e0tica","og_description":"Consultor\u00eda en nuevas tecnolog\u00edas TIC e Internet Consultor\u00eda de acciones en la red, gesti\u00f3n de Usabilidad de su p\u00e1gina web, Hosting y posicionamiento, an\u00e1lisis de su actividad y resultados en Internet, aspectos a cubrir o mejorar: Navegaci\u00f3n de la p\u00e1gina web, Dise\u00f1o de la interacci\u00f3n en la p\u00e1gina web, Comportamiento de los usuarios, Reducir el &hellip; Sigue leyendo Consultoria inform\u00e1tica","og_url":"https:\/\/ebresoft.com\/index.php\/consultoria-informatica\/","og_site_name":"Ebresoft Inform\u00e0tica","article_modified_time":"2018-04-21T14:01:22+00:00","og_image":[{"url":"http:\/\/ebresoft.com\/wp-content\/uploads\/2016\/11\/logoR.jpg","type":"","width":"","height":""}],"twitter_card":"summary_large_image","twitter_misc":{"Tiempo de lectura":"4 minutos"},"schema":{"@context":"https:\/\/schema.org","@graph":[{"@type":"WebPage","@id":"https:\/\/ebresoft.com\/index.php\/consultoria-informatica\/","url":"https:\/\/ebresoft.com\/index.php\/consultoria-informatica\/","name":"Consultoria inform\u00e1tica - Ebresoft Inform\u00e0tica","isPartOf":{"@id":"https:\/\/ebresoft.com\/#website"},"primaryImageOfPage":{"@id":"https:\/\/ebresoft.com\/index.php\/consultoria-informatica\/#primaryimage"},"image":{"@id":"https:\/\/ebresoft.com\/index.php\/consultoria-informatica\/#primaryimage"},"thumbnailUrl":"http:\/\/ebresoft.com\/wp-content\/uploads\/2016\/11\/logoR.jpg","datePublished":"2016-11-03T19:38:49+00:00","dateModified":"2018-04-21T14:01:22+00:00","breadcrumb":{"@id":"https:\/\/ebresoft.com\/index.php\/consultoria-informatica\/#breadcrumb"},"inLanguage":"es","potentialAction":[{"@type":"ReadAction","target":["https:\/\/ebresoft.com\/index.php\/consultoria-informatica\/"]}]},{"@type":"ImageObject","inLanguage":"es","@id":"https:\/\/ebresoft.com\/index.php\/consultoria-informatica\/#primaryimage","url":"http:\/\/ebresoft.com\/wp-content\/uploads\/2016\/11\/logoR.jpg","contentUrl":"http:\/\/ebresoft.com\/wp-content\/uploads\/2016\/11\/logoR.jpg"},{"@type":"BreadcrumbList","@id":"https:\/\/ebresoft.com\/index.php\/consultoria-informatica\/#breadcrumb","itemListElement":[{"@type":"ListItem","position":1,"name":"Portada","item":"https:\/\/ebresoft.com\/"},{"@type":"ListItem","position":2,"name":"Consultoria inform\u00e1tica"}]},{"@type":"WebSite","@id":"https:\/\/ebresoft.com\/#website","url":"https:\/\/ebresoft.com\/","name":"Ebresoft Inform\u00e0tica","description":"Productos y servicios inform\u00e1ticos pera empresas, particulares y administraci\u00f3n Terres de l&#039;Ebre","publisher":{"@id":"https:\/\/ebresoft.com\/#organization"},"potentialAction":[{"@type":"SearchAction","target":{"@type":"EntryPoint","urlTemplate":"https:\/\/ebresoft.com\/?s={search_term_string}"},"query-input":{"@type":"PropertyValueSpecification","valueRequired":true,"valueName":"search_term_string"}}],"inLanguage":"es"},{"@type":"Organization","@id":"https:\/\/ebresoft.com\/#organization","name":"Ebresoft Inform\u00e0tica","url":"https:\/\/ebresoft.com\/","logo":{"@type":"ImageObject","inLanguage":"es","@id":"https:\/\/ebresoft.com\/#\/schema\/logo\/image\/","url":"https:\/\/ebresoft.com\/wp-content\/uploads\/2016\/11\/ebresoftinformatica.jpg","contentUrl":"https:\/\/ebresoft.com\/wp-content\/uploads\/2016\/11\/ebresoftinformatica.jpg","width":120,"height":105,"caption":"Ebresoft Inform\u00e0tica"},"image":{"@id":"https:\/\/ebresoft.com\/#\/schema\/logo\/image\/"}}]}},"_links":{"self":[{"href":"https:\/\/ebresoft.com\/index.php\/wp-json\/wp\/v2\/pages\/10","targetHints":{"allow":["GET"]}}],"collection":[{"href":"https:\/\/ebresoft.com\/index.php\/wp-json\/wp\/v2\/pages"}],"about":[{"href":"https:\/\/ebresoft.com\/index.php\/wp-json\/wp\/v2\/types\/page"}],"author":[{"embeddable":true,"href":"https:\/\/ebresoft.com\/index.php\/wp-json\/wp\/v2\/users\/1"}],"replies":[{"embeddable":true,"href":"https:\/\/ebresoft.com\/index.php\/wp-json\/wp\/v2\/comments?post=10"}],"version-history":[{"count":19,"href":"https:\/\/ebresoft.com\/index.php\/wp-json\/wp\/v2\/pages\/10\/revisions"}],"predecessor-version":[{"id":247,"href":"https:\/\/ebresoft.com\/index.php\/wp-json\/wp\/v2\/pages\/10\/revisions\/247"}],"wp:attachment":[{"href":"https:\/\/ebresoft.com\/index.php\/wp-json\/wp\/v2\/media?parent=10"}],"curies":[{"name":"wp","href":"https:\/\/api.w.org\/{rel}","templated":true}]}}